{"id":7059,"date":"2020-08-22T13:40:23","date_gmt":"2020-08-22T18:40:23","guid":{"rendered":"http:\/\/localhost\/provida\/?page_id=7059"},"modified":"2020-08-22T14:42:17","modified_gmt":"2020-08-22T19:42:17","slug":"educacion","status":"publish","type":"page","link":"http:\/\/www.smprovida.com\/provida\/?page_id=7059","title":{"rendered":"Educaci\u00f3n"},"content":{"rendered":"<p>[vc_row content_placement=\u00bbmiddle\u00bb css=\u00bb.vc_custom_1598113047071{margin-top: 2rem !important;margin-bottom: 100px !important;}\u00bb responsive_css=\u00bbmargin_top_large:11rem|margin_top_medium:3rem|margin_bottom_medium:280px\u00bb][vc_column enable_content_animation=\u00bbyes\u00bb ca_init_scale_x=\u00bb1&#8243; ca_init_scale_y=\u00bb1&#8243; ca_init_scale_z=\u00bb1&#8243; ca_init_opacity=\u00bb0&#8243; ca_an_scale_x=\u00bb1&#8243; ca_an_scale_y=\u00bb1&#8243; ca_an_scale_z=\u00bb1&#8243; ca_an_opacity=\u00bb1&#8243; offset=\u00bbvc_col-md-6&#8243; ca_init_translate_y=\u00bb31&#8243; ca_init_translate_x=\u00bb0&#8243; ca_duration=\u00bb1200&#8243; ca_delay=\u00bb150&#8243; ca_init_translate_z=\u00bb-108&#8243; ca_init_rotate_x=\u00bb-76&#8243;][vc_empty_space height=\u00bb45px\u00bb]<style>.ld_fancy_heading_6a04a4186b820 h1{color:rgb(9, 89, 165);}.ld_fancy_heading_6a04a4186b820 h1 {margin-top:0px !important; margin-bottom:0px !important;  } @media (min-width: 992px) { .ld_fancy_heading_6a04a4186b820 h1 {margin-right:25% !important;  }  } .ld_fancy_heading_6a04a4186b820 .lqd-highlight-inner{bottom:0px;}.ld_fancy_heading_6a04a4186b820 h1 {margin-top:0px !important; margin-bottom:0px !important;  } @media (min-width: 992px) { .ld_fancy_heading_6a04a4186b820 h1 {margin-right:25% !important;  }  } <\/style><div class=\"ld-fancy-heading ld_fancy_heading_6a04a4186b820\">\n\t<h1 class=\"lqd-highlight-underline lqd-highlight-grow-left\" data-split-text=\"true\" data-custom-animations=\"true\" data-ca-options='{\"triggerHandler\":\"inview\",\"animationTarget\":\".lqd-lines .split-inner\",\"duration\":700,\"startDelay\":\"360\",\"delay\":100,\"easing\":\"easeOutQuint\",\"direction\":\"forward\",\"initValues\":{\"scale\":1},\"animations\":{\"scale\":1}}' data-split-options='{\"type\":\"lines\"}'><span class=\"ld-fh-txt\"> Educaci\u00f3n<\/span><\/h1><\/div>[vc_empty_space height=\u00bb50px\u00bb][\/vc_column][vc_column offset=\u00bbvc_col-md-offset-1 vc_col-md-5&#8243;]<div id=\"ld_images_group_container_6a04a4186baf7\" class=\"liquid-img-group-container ld_images_group_container_6a04a4186baf7\"  >\n\t<div class=\"liquid-img-group-inner\">\n\t\t<div id=\"ld_images_group_element_6a04a4186bb92\" class=\"liquid-img-group-single ld_images_group_element_6a04a4186bb92\" data-shadow-style=\"4\" data-inview=\"true\" data-animate-shadow=\"true\" data-reveal=\"true\" data-reveal-options='{\"direction\":\"lr\",\"bgcolor\":\"\",\"delay\":\"\"}'>\n\t\n\t\t\n\t<div class=\"liquid-img-group-img-container\">\n\t\t\n\t\t\n\t\t\t\t\n\t\t\t\t<div class=\"liquid-img-container-inner\" data-parallax=\"true\" data-parallax-from='{\"translateY\":78}' data-parallax-to='{\"translateY\":-78}' data-parallax-options='{\"overflowHidden\":false,\"easing\":\"linear\"}'>\n\t\t\t<figure ><img width=\"470\" height=\"600\" src=\"data:image\/svg+xml;charset=utf-8,&lt;svg xmlns%3D&#039;http%3A%2F%2Fwww.w3.org%2F2000%2Fsvg&#039; viewBox%3D&#039;0 0  &#039;%2F&gt;\" srcset=\"\" class=\" ld-lazyload\" alt=\"\" data-src=\"http:\/\/www.smprovida.com\/provida\/wp-content\/uploads\/educacion-1.jpg\" data-srcset=\"http:\/\/www.smprovida.com\/provida\/wp-content\/uploads\/educacion-1-300x298.jpg 300w, http:\/\/www.smprovida.com\/provida\/wp-content\/uploads\/educacion-1-150x150.jpg 150w, http:\/\/www.smprovida.com\/provida\/wp-content\/uploads\/educacion-1.jpg 522w\" data-aspect=\"\" \/><\/figure>\t\t\t\t\t<\/div><!-- \/.liquid-img-container-inner -->\n\t\t\n\t<\/div><!-- \/.liquid-img-group-content -->\n<\/div><!-- \/.liquid-img-group-single --><style>.ld_images_group_element_6a04a4186cff1{position:absolute;}.ld_images_group_element_6a04a4186cff1 {bottom:-10% !important; left:30% !important;  } @media (min-width: 992px) { .ld_images_group_element_6a04a4186cff1 {bottom:-13% !important; left:-45% !important;  }  } <\/style><div id=\"ld_images_group_element_6a04a4186cff1\" class=\"liquid-img-group-single ld_images_group_element_6a04a4186cff1\" data-shadow-style=\"4\" data-inview=\"true\" data-animate-shadow=\"true\">\n\t\n\t\t\n\t<div class=\"liquid-img-group-img-container\">\n\t\t\n\t\t\n\t\t\t\t\n\t\t\t\t<div class=\"liquid-img-container-inner\" data-parallax=\"true\" data-parallax-from='{\"translateY\":107}' data-parallax-to='{\"translateY\":-134}' data-parallax-options='{\"overflowHidden\":false,\"easing\":\"linear\"}'>\n\t\t\t<figure ><img width=\"370\" height=\"450\" src=\"data:image\/svg+xml;charset=utf-8,&lt;svg xmlns%3D&#039;http%3A%2F%2Fwww.w3.org%2F2000%2Fsvg&#039; viewBox%3D&#039;0 0  &#039;%2F&gt;\" srcset=\"\" class=\" ld-lazyload\" alt=\"\" data-src=\"http:\/\/www.smprovida.com\/provida\/wp-content\/uploads\/educacion-2.jpg\" data-srcset=\"http:\/\/www.smprovida.com\/provida\/wp-content\/uploads\/educacion-2-245x300.jpg 245w, http:\/\/www.smprovida.com\/provida\/wp-content\/uploads\/educacion-2.jpg 421w\" data-aspect=\"\" \/><\/figure>\t\t\t\t\t<\/div><!-- \/.liquid-img-container-inner -->\n\t\t\n\t<\/div><!-- \/.liquid-img-group-content -->\n<\/div><!-- \/.liquid-img-group-single --><\/p>\n\t\n\t<\/div><!-- \/.liquid-img-group-inner -->\n<\/div><!-- \/.liquid-img-group-container -->[\/vc_column][\/vc_row][vc_row el_id=\u00bbabout\u00bb][vc_column enable_content_animation=\u00bbyes\u00bb ca_init_scale_x=\u00bb1&#8243; ca_init_scale_y=\u00bb1&#8243; ca_init_scale_z=\u00bb1&#8243; ca_init_opacity=\u00bb0&#8243; ca_an_scale_x=\u00bb1&#8243; ca_an_scale_y=\u00bb1&#8243; ca_an_scale_z=\u00bb1&#8243; ca_an_opacity=\u00bb1&#8243; offset=\u00bbvc_col-md-5&#8243; ca_init_translate_y=\u00bb42&#8243;][vc_column_text]Desde su fundaci\u00f3n, PRO-VIDA ha participado en la defensa y el derecho de las personas al acceso y uso de medicamentos seguros.[\/vc_column_text][vc_empty_space height=\u00bb48px\u00bb][\/vc_column][vc_column offset=\u00bbvc_col-md-offset-2 vc_col-md-5 vc_hidden-sm vc_hidden-xs\u00bb][vc_empty_space height=\u00bb48px\u00bb]<div id=\"ld_images_group_container_6a04a4186e3e1\" class=\"liquid-img-group-container ld_images_group_container_6a04a4186e3e1\"  >\n\t<div class=\"liquid-img-group-inner\">\n\t\t<style>@media (min-width: 992px) { .ld_images_group_element_6a04a4186e479 {top:-120px !important;  }  } @media (min-width: 992px) { .ld_images_group_element_6a04a4186e479 {margin-left:-30px !important;  }  } <\/style><div id=\"ld_images_group_element_6a04a4186e479\" class=\"liquid-img-group-single ld_images_group_element_6a04a4186e479\" data-reveal=\"true\" data-reveal-options='{\"direction\":\"tb\",\"bgcolor\":\"rgb(41, 45, 53)\",\"delay\":\"\"}'>\n\t\n\t\t\n\t<div class=\"liquid-img-group-img-container\">\n\t\t\n\t\t\n\t\t\t\t\n\t\t\t\t<div class=\"liquid-img-container-inner\" data-parallax=\"true\" data-parallax-from='{\"translateY\":-42}' data-parallax-to='{\"translateY\":33}' data-parallax-options='{\"overflowHidden\":false,\"easing\":\"linear\"}'>\n\t\t\t<figure ><img width=\"486\" height=\"621\" src=\"data:image\/svg+xml;charset=utf-8,&lt;svg xmlns%3D&#039;http%3A%2F%2Fwww.w3.org%2F2000%2Fsvg&#039; viewBox%3D&#039;0 0  &#039;%2F&gt;\" class=\"attachment-full size-full ld-lazyload\" alt=\"\" loading=\"lazy\" srcset=\"\" sizes=\"(max-width: 486px) 100vw, 486px\" data-src=\"http:\/\/www.smprovida.com\/provida\/wp-content\/uploads\/educacion-3.jpg\" data-srcset=\"http:\/\/www.smprovida.com\/provida\/wp-content\/uploads\/educacion-3.jpg 486w, http:\/\/www.smprovida.com\/provida\/wp-content\/uploads\/educacion-3-235x300.jpg 235w\" data-aspect=\"\" \/><\/figure>\t\t\t\t\t<\/div><!-- \/.liquid-img-container-inner -->\n\t\t\n\t<\/div><!-- \/.liquid-img-group-content -->\n<\/div><!-- \/.liquid-img-group-single -->\n\t\n\t<\/div><!-- \/.liquid-img-group-inner -->\n<\/div><!-- \/.liquid-img-group-container --><div id=\"ld_images_group_container_6a04a4186f7a1\" class=\"liquid-img-group-container ld_images_group_container_6a04a4186f7a1\"  >\n\t<div class=\"liquid-img-group-inner\">\n\t\t<style>@media (min-width: 992px) { .ld_images_group_element_6a04a4186f869 {left:-80% !important;  }  } @media (min-width: 992px) { .ld_images_group_element_6a04a4186f869 {margin-top:-70% !important; margin-left:-68% !important;  }  } <\/style><div id=\"ld_images_group_element_6a04a4186f869\" class=\"liquid-img-group-single ld_images_group_element_6a04a4186f869\" data-reveal=\"true\" data-reveal-options='{\"direction\":\"rl\",\"bgcolor\":\"rgb(41, 45, 53)\",\"delay\":\"\"}'>\n\t\n\t\t\n\t<div class=\"liquid-img-group-img-container\">\n\t\t\n\t\t\n\t\t\t\t\n\t\t\t\t<div class=\"liquid-img-container-inner\" data-parallax=\"true\" data-parallax-from='{\"translateY\":46}' data-parallax-to='{\"translateY\":-81}' data-parallax-options='{\"overflowHidden\":false,\"easing\":\"linear\"}'>\n\t\t\t<figure ><img width=\"768\" height=\"486\" src=\"data:image\/svg+xml;charset=utf-8,&lt;svg xmlns%3D&#039;http%3A%2F%2Fwww.w3.org%2F2000%2Fsvg&#039; viewBox%3D&#039;0 0  &#039;%2F&gt;\" class=\"attachment-full size-full ld-lazyload\" alt=\"\" loading=\"lazy\" srcset=\"\" sizes=\"(max-width: 768px) 100vw, 768px\" data-src=\"http:\/\/www.smprovida.com\/provida\/wp-content\/uploads\/educacion-4.jpg\" data-srcset=\"http:\/\/www.smprovida.com\/provida\/wp-content\/uploads\/educacion-4.jpg 768w, http:\/\/www.smprovida.com\/provida\/wp-content\/uploads\/educacion-4-300x190.jpg 300w\" data-aspect=\"\" \/><\/figure>\t\t\t\t\t<\/div><!-- \/.liquid-img-container-inner -->\n\t\t\n\t<\/div><!-- \/.liquid-img-group-content -->\n<\/div><!-- \/.liquid-img-group-single -->\n\t\n\t<\/div><!-- \/.liquid-img-group-inner -->\n<\/div><!-- \/.liquid-img-group-container -->[\/vc_column][\/vc_row][vc_row gap=\u00bb30&#8243; equal_height=\u00bbyes\u00bb responsive_css=\u00bbpadding_bottom_medium:220px\u00bb css=\u00bb.vc_custom_1598077284307{padding-bottom: 100px !important;}\u00bb el_class=\u00bbabout-row\u00bb][vc_column enable_content_animation=\u00bbyes\u00bb animation_preset=\u00bbFade In\u00bb offset=\u00bbvc_hidden-lg vc_hidden-md\u00bb ca_duration=\u00bb1800&#8243; ca_delay=\u00bb180&#8243;][vc_single_image image=\u00bb7063&#8243; img_size=\u00bbfull\u00bb alignment=\u00bbcenter\u00bb el_class=\u00bbabout-image about-image&#8211;secondary\u00bb][\/vc_column][\/vc_row][vc_row responsive_css=\u00bbpadding_bottom_medium:100px\u00bb css=\u00bb.vc_custom_1598121621807{padding-bottom: 70px !important;}\u00bb][vc_column enable_content_animation=\u00bbyes\u00bb ca_init_scale_x=\u00bb1&#8243; ca_init_scale_y=\u00bb1&#8243; ca_init_scale_z=\u00bb1&#8243; ca_init_opacity=\u00bb0&#8243; ca_an_scale_x=\u00bb1&#8243; ca_an_scale_y=\u00bb1&#8243; ca_an_scale_z=\u00bb1&#8243; ca_an_opacity=\u00bb1&#8243; align=\u00bbtext-center\u00bb el_class=\u00bbtitle_center_content\u00bb ca_duration=\u00bb1800&#8243; ca_delay=\u00bb180&#8243; ca_init_translate_y=\u00bb75&#8243; offset=\u00bbvc_col-md-11&#8243;][vc_column_text]<\/p>\n<h2 style=\"text-align: center;\"><span style=\"color: #0959a5;\">Promovemos la salud integral y la cultura del uso los medicamentos (URM) en la poblaci\u00f3n mediante:<\/span><\/h2>\n<p>[\/vc_column_text][\/vc_column][\/vc_row][vc_row gap=\u00bb30&#8243; equal_height=\u00bbyes\u00bb responsive_css=\u00bbpadding_bottom_medium:220px\u00bb css=\u00bb.vc_custom_1598045690806{padding-bottom: 100px !important;}\u00bb][vc_column enable_content_animation=\u00bbyes\u00bb ca_init_scale_x=\u00bb1&#8243; ca_init_scale_y=\u00bb1&#8243; ca_init_scale_z=\u00bb1&#8243; ca_init_opacity=\u00bb0&#8243; ca_an_scale_x=\u00bb1&#8243; ca_an_scale_y=\u00bb1&#8243; ca_an_scale_z=\u00bb1&#8243; ca_an_opacity=\u00bb1&#8243; responsive_css=\u00bbpadding_right_large:4rem|padding_right_medium:3rem\u00bb css=\u00bb.vc_custom_1598049098844{padding-right: 0px !important;}\u00bb offset=\u00bbvc_col-md-6&#8243; el_class=\u00bbabout-image&#8211;text\u00bb ca_duration=\u00bb1800&#8243; ca_delay=\u00bb180&#8243; ca_init_translate_y=\u00bb75&#8243;][vc_column_text css=\u00bb.vc_custom_1598121356038{padding-right: 5% !important;padding-bottom: 30px !important;}\u00bb]Programas de capacitaci\u00f3n, informaci\u00f3n, educaci\u00f3n y comunicaci\u00f3n a profesionales de salud, personal de salud y agentes comunitarios.<\/p>\n<p>Proyectos educativo-comunicacionales de sensibilizaci\u00f3n, informaci\u00f3n y capacitaci\u00f3n en la comunidad educativa (docentes- alumnos- padres de familia) y poblaci\u00f3n en general.<\/p>\n<p>Dise\u00f1o y producci\u00f3n de materiales educativos con metodolog\u00edas participativas l\u00fadicas e interactivas.<\/p>\n<p>Producci\u00f3n de una corriente de opini\u00f3n cr\u00edtica e imparcial difundidas en revistas especializadas y boletines informativos.[\/vc_column_text][\/vc_column][vc_column enable_content_animation=\u00bbyes\u00bb animation_preset=\u00bbFade In\u00bb offset=\u00bbvc_col-md-6&#8243; ca_duration=\u00bb1800&#8243; ca_delay=\u00bb180&#8243;][vc_single_image image=\u00bb6825&#8243; img_size=\u00bbfull\u00bb el_class=\u00bbabout-image\u00bb][\/vc_column][\/vc_row][vc_row gap=\u00bb30&#8243; equal_height=\u00bbyes\u00bb responsive_css=\u00bbpadding_bottom_medium:220px\u00bb css=\u00bb.vc_custom_1598045699715{padding-bottom: 100px !important;}\u00bb el_class=\u00bbabout-row\u00bb][vc_column enable_content_animation=\u00bbyes\u00bb animation_preset=\u00bbFade In\u00bb offset=\u00bbvc_col-md-6&#8243; ca_duration=\u00bb1800&#8243; ca_delay=\u00bb180&#8243;][vc_single_image image=\u00bb7067&#8243; img_size=\u00bbfull\u00bb el_class=\u00bbabout-image\u00bb][\/vc_column][vc_column enable_content_animation=\u00bbyes\u00bb ca_init_scale_x=\u00bb1&#8243; ca_init_scale_y=\u00bb1&#8243; ca_init_scale_z=\u00bb1&#8243; ca_init_opacity=\u00bb0&#8243; ca_an_scale_x=\u00bb1&#8243; ca_an_scale_y=\u00bb1&#8243; ca_an_scale_z=\u00bb1&#8243; ca_an_opacity=\u00bb1&#8243; responsive_css=\u00bbpadding_left_large:4rem|padding_left_medium:3rem\u00bb css=\u00bb.vc_custom_1598049130689{padding-left: 0px !important;}\u00bb offset=\u00bbvc_col-md-6&#8243; el_class=\u00bbabout-image&#8211;text\u00bb ca_duration=\u00bb1800&#8243; ca_delay=\u00bb180&#8243; ca_init_translate_y=\u00bb75&#8243;][vc_column_text css=\u00bb.vc_custom_1598121517618{padding-right: 5% !important;padding-bottom: 30px !important;}\u00bb]Investigaciones especializadas en materia de salud y medicamentos.<\/p>\n<p>Acciones de abogac\u00eda con decisores claves en el sector p\u00fablico, privado y acad\u00e9mico.<\/p>\n<p>Asesor\u00eda especializada en gesti\u00f3n y suministro de medicamentos, diferenciados por programas, proyectos y niveles de atenci\u00f3n del sector p\u00fablico y privado.<\/p>\n<p>Desarrollo de programas educativos con Universidades, para la promoci\u00f3n del URM a nivel de pre grado y post grado.<\/p>\n<p>Generaci\u00f3n de propuestas que permiten el acceso y calidad de medicamentos acorde a los lineamientos en pol\u00edticas de salud y medicamentos.[\/vc_column_text][\/vc_column][\/vc_row][vc_row responsive_css=\u00bbpadding_bottom_medium:100px\u00bb css=\u00bb.vc_custom_1598121580162{padding-bottom: 70px !important;}\u00bb][vc_column enable_content_animation=\u00bbyes\u00bb ca_init_scale_x=\u00bb1&#8243; ca_init_scale_y=\u00bb1&#8243; ca_init_scale_z=\u00bb1&#8243; ca_init_opacity=\u00bb0&#8243; ca_an_scale_x=\u00bb1&#8243; ca_an_scale_y=\u00bb1&#8243; ca_an_scale_z=\u00bb1&#8243; ca_an_opacity=\u00bb1&#8243; align=\u00bbtext-center\u00bb el_class=\u00bbtitle_center_content\u00bb ca_duration=\u00bb1800&#8243; ca_delay=\u00bb180&#8243; ca_init_translate_y=\u00bb75&#8243; offset=\u00bbvc_col-md-11&#8243;][vc_column_text]<\/p>\n<h2 style=\"text-align: center;\"><span style=\"color: #0959a5;\">En los diferentes talleres y cursos se han capacitado en todo el pa\u00eds a m\u00e1s de:<\/span><\/h2>\n<p>[\/vc_column_text][\/vc_column][\/vc_row][vc_row equal_height=\u00bbyes\u00bb css=\u00bb.vc_custom_1598123806907{margin-bottom: 70px !important;}\u00bb responsive_css=\u00bbmargin_bottom_medium:100px\u00bb el_class=\u00bbservice-counter\u00bb][vc_column align=\u00bbtext-center\u00bb]<style>.backgroundcliptext .ld_counter_6a04a41870ab3 > .liquid-counter-element > span, .backgroundcliptext .ld_counter_6a04a41870ab3 .liquid-counter-element-static{background:-webkit-gradient(linear, left top, right top, from(rgb(9, 89, 165)), to(rgb(9, 89, 165)));background-clip:text !important;-webkit-background-clip:text !important;text-fill-color:transparent !important;-webkit-text-fill-color:transparent !important;}.ld_counter_6a04a41870ab3 .liquid-counter-text{color:rgb(9, 89, 165);}<\/style><div id=\"ld_counter_6a04a41870ab3\" class=\"liquid-counter liquid-counter-bordered liquid-counter-bold liquid-counter-lg liquid-counter-has-gradient ld_counter_6a04a41870ab3\">\n\t\n\t\t\t<div class=\"liquid-counter-element \" data-enable-counter=\"true\" data-counter-options='{\"targetNumber\":\"6000\",\"blurEffect\":true}'>\n\t\t\t\t<div class=\"liquid-counter-element liquid-counter-element-static\"><span>6000<\/span><\/div>\t\t\t\t\t\t\t\t<span>6000<\/span>\t\t<\/div><!-- \/.liquid-counter-element -->\n\t<span class=\"liquid-counter-text liquid-text-bottom\">Promotoras de salud<\/span>\n<\/div><!-- \/.liquid-counter -->[\/vc_column][vc_column]<style>.backgroundcliptext .ld_counter_6a04a41870b10 > .liquid-counter-element > span, .backgroundcliptext .ld_counter_6a04a41870b10 .liquid-counter-element-static{background:-webkit-gradient(linear, left top, right top, from(rgb(9, 89, 165)), to(rgb(9, 89, 165)));background-clip:text !important;-webkit-background-clip:text !important;text-fill-color:transparent !important;-webkit-text-fill-color:transparent !important;}.ld_counter_6a04a41870b10 .liquid-counter-text{color:rgb(9, 89, 165);}<\/style><div id=\"ld_counter_6a04a41870b10\" class=\"liquid-counter liquid-counter-bordered liquid-counter-bold liquid-counter-lg liquid-counter-has-gradient ld_counter_6a04a41870b10\">\n\t\n\t\t\t<div class=\"liquid-counter-element \" data-enable-counter=\"true\" data-counter-options='{\"targetNumber\":\"2500\",\"blurEffect\":true}'>\n\t\t\t\t<div class=\"liquid-counter-element liquid-counter-element-static\"><span>2500<\/span><\/div>\t\t\t\t\t\t\t\t<span>2500<\/span>\t\t<\/div><!-- \/.liquid-counter-element -->\n\t<span class=\"liquid-counter-text liquid-text-bottom\">Profesionales de la Salud<\/span>\n<\/div><!-- \/.liquid-counter -->[\/vc_column][vc_column]<style>.backgroundcliptext .ld_counter_6a04a41870b4c > .liquid-counter-element > span, .backgroundcliptext .ld_counter_6a04a41870b4c .liquid-counter-element-static{background:-webkit-gradient(linear, left top, right top, from(rgb(9, 89, 165)), to(rgb(9, 89, 165)));background-clip:text !important;-webkit-background-clip:text !important;text-fill-color:transparent !important;-webkit-text-fill-color:transparent !important;}.ld_counter_6a04a41870b4c .liquid-counter-text{color:rgb(9, 89, 165);}<\/style><div id=\"ld_counter_6a04a41870b4c\" class=\"liquid-counter liquid-counter-bordered liquid-counter-bold liquid-counter-lg liquid-counter-has-gradient ld_counter_6a04a41870b4c\">\n\t\n\t\t\t<div class=\"liquid-counter-element \" data-enable-counter=\"true\" data-counter-options='{\"targetNumber\":\"2500\",\"blurEffect\":true}'>\n\t\t\t\t<div class=\"liquid-counter-element liquid-counter-element-static\"><span>2500<\/span><\/div>\t\t\t\t\t\t\t\t<span>2500<\/span>\t\t<\/div><!-- \/.liquid-counter-element -->\n\t<span class=\"liquid-counter-text liquid-text-bottom\">Estudiantes universitarios<\/span>\n<\/div><!-- \/.liquid-counter -->[\/vc_column][vc_column]<style>.backgroundcliptext .ld_counter_6a04a41870b82 > .liquid-counter-element > span, .backgroundcliptext .ld_counter_6a04a41870b82 .liquid-counter-element-static{background:-webkit-gradient(linear, left top, right top, from(rgb(9, 89, 165)), to(rgb(9, 89, 165)));background-clip:text !important;-webkit-background-clip:text !important;text-fill-color:transparent !important;-webkit-text-fill-color:transparent !important;}.ld_counter_6a04a41870b82 .liquid-counter-text{color:rgb(9, 89, 165);}<\/style><div id=\"ld_counter_6a04a41870b82\" class=\"liquid-counter liquid-counter-bordered liquid-counter-bold liquid-counter-lg liquid-counter-has-gradient ld_counter_6a04a41870b82\">\n\t\n\t\t\t<div class=\"liquid-counter-element \" data-enable-counter=\"true\" data-counter-options='{\"targetNumber\":\"6000\",\"blurEffect\":true}'>\n\t\t\t\t<div class=\"liquid-counter-element liquid-counter-element-static\"><span>6000<\/span><\/div>\t\t\t\t\t\t\t\t<span>6000<\/span>\t\t<\/div><!-- \/.liquid-counter-element -->\n\t<span class=\"liquid-counter-text liquid-text-bottom\">Escolares<\/span>\n<\/div><!-- \/.liquid-counter -->[\/vc_column][vc_column]<style>.backgroundcliptext .ld_counter_6a04a41870bbc > .liquid-counter-element > span, .backgroundcliptext .ld_counter_6a04a41870bbc .liquid-counter-element-static{background:-webkit-gradient(linear, left top, right top, from(rgb(9, 89, 165)), to(rgb(9, 89, 165)));background-clip:text !important;-webkit-background-clip:text !important;text-fill-color:transparent !important;-webkit-text-fill-color:transparent !important;}.ld_counter_6a04a41870bbc .liquid-counter-text{color:rgb(9, 89, 165);}<\/style><div id=\"ld_counter_6a04a41870bbc\" class=\"liquid-counter liquid-counter-bordered liquid-counter-bold liquid-counter-lg liquid-counter-has-gradient ld_counter_6a04a41870bbc\">\n\t\n\t\t\t<div class=\"liquid-counter-element \" data-enable-counter=\"true\" data-counter-options='{\"targetNumber\":\"6000\",\"blurEffect\":true}'>\n\t\t\t\t<div class=\"liquid-counter-element liquid-counter-element-static\"><span>6000<\/span><\/div>\t\t\t\t\t\t\t\t<span>6000<\/span>\t\t<\/div><!-- \/.liquid-counter-element -->\n\t<span class=\"liquid-counter-text liquid-text-bottom\">L\u00edderes de organizaciones sociales<\/span>\n<\/div><!-- \/.liquid-counter -->[\/vc_column][\/vc_row][vc_row gap=\u00bb30&#8243; equal_height=\u00bbyes\u00bb responsive_css=\u00bbpadding_bottom_medium:220px\u00bb css=\u00bb.vc_custom_1598045699715{padding-bottom: 100px !important;}\u00bb el_class=\u00bbabout-row\u00bb][vc_column enable_content_animation=\u00bbyes\u00bb animation_preset=\u00bbFade In\u00bb offset=\u00bbvc_col-md-6&#8243; ca_duration=\u00bb1800&#8243; ca_delay=\u00bb180&#8243;][vc_single_image image=\u00bb7068&#8243; img_size=\u00bbfull\u00bb el_class=\u00bbabout-image\u00bb][\/vc_column][vc_column enable_content_animation=\u00bbyes\u00bb ca_init_scale_x=\u00bb1&#8243; ca_init_scale_y=\u00bb1&#8243; ca_init_scale_z=\u00bb1&#8243; ca_init_opacity=\u00bb0&#8243; ca_an_scale_x=\u00bb1&#8243; ca_an_scale_y=\u00bb1&#8243; ca_an_scale_z=\u00bb1&#8243; ca_an_opacity=\u00bb1&#8243; responsive_css=\u00bbpadding_left_large:4rem|padding_left_medium:3rem\u00bb css=\u00bb.vc_custom_1598049130689{padding-left: 0px !important;}\u00bb offset=\u00bbvc_col-md-6&#8243; el_class=\u00bbabout-image&#8211;text\u00bb ca_duration=\u00bb1800&#8243; ca_delay=\u00bb180&#8243; ca_init_translate_y=\u00bb75&#8243;]<style>@media (min-width: 992px) { .ld_fancy_heading_6a04a41870c18 h2 {padding-bottom:20px !important;  }  } @media (min-width: 992px) { .ld_fancy_heading_6a04a41870c18 h2 {margin-bottom:10px !important;  }  } .ld_fancy_heading_6a04a41870c18 .lqd-highlight-inner{height:0.275em;bottom:0px;}@media (min-width: 992px) { .ld_fancy_heading_6a04a41870c18 h2 {padding-bottom:20px !important;  }  } @media (min-width: 992px) { .ld_fancy_heading_6a04a41870c18 h2 {margin-bottom:10px !important;  }  } <\/style><div class=\"ld-fancy-heading ld_fancy_heading_6a04a41870c18\">\n\t<h2 class=\"lqd-highlight-underline lqd-highlight-grow-left\" data-fittext=\"true\" data-fittext-options='{\"compressor\":0.75,\"maxFontSize\":\"currentFontSize\",\"minFontSize\":\"38\"}'><span class=\"ld-fh-txt\"> Aportamos mejoras a la Ley General de Salud N\u00ba 26842<\/span><\/h2><\/div>[vc_column_text css=\u00bb.vc_custom_1598121533171{padding-right: 5% !important;padding-bottom: 30px !important;}\u00bb]PRO-VIDA tambi\u00e9n contribuy\u00f3 a que la pol\u00edtica nacional de medicamentos, contemple criterios de Uso Racional y particip\u00f3 activamente en el Comit\u00e9 de planificaci\u00f3n estrat\u00e9gica sectorial y en el Comit\u00e9 de medicamentos, en representaci\u00f3n de la sociedad civil, en el Sistema Nacional de Salud Coordinado y Descentralizado.<br \/>\nAs\u00ed mismo, la ejecuci\u00f3n de diversos cursos a profesionales de la salud y alumnos universitarios, investigaciones y proyectos, PRO-VIDA tiene un convenio con la Facultad de Farmacia y Bioqu\u00edmica de la Universidad Nacional Mayor de San Marcos.[\/vc_column_text][\/vc_column][\/vc_row]<\/p>\n","protected":false},"excerpt":{"rendered":"<p>[vc_row content_placement=\u00bbmiddle\u00bb css=\u00bb.vc_custom_1598113047071{margin-top: 2rem !important;margin-bottom: 100px !important;}\u00bb responsive_css=\u00bbmargin_top_large:11rem|margin_top_medium:3rem|margin_bottom_medium:280px\u00bb][vc_column enable_content_animation=\u00bbyes\u00bb ca_init_scale_x=\u00bb1&#8243; ca_init_scale_y=\u00bb1&#8243; ca_init_scale_z=\u00bb1&#8243; ca_init_opacity=\u00bb0&#8243; ca_an_scale_x=\u00bb1&#8243; ca_an_scale_y=\u00bb1&#8243;&#8230;<\/p>\n","protected":false},"author":1,"featured_media":0,"parent":6698,"menu_order":0,"comment_status":"closed","ping_status":"closed","template":"","meta":[],"_links":{"self":[{"href":"http:\/\/www.smprovida.com\/provida\/index.php?rest_route=\/wp\/v2\/pages\/7059"}],"collection":[{"href":"http:\/\/www.smprovida.com\/provida\/index.php?rest_route=\/wp\/v2\/pages"}],"about":[{"href":"http:\/\/www.smprovida.com\/provida\/index.php?rest_route=\/wp\/v2\/types\/page"}],"author":[{"embeddable":true,"href":"http:\/\/www.smprovida.com\/provida\/index.php?rest_route=\/wp\/v2\/users\/1"}],"replies":[{"embeddable":true,"href":"http:\/\/www.smprovida.com\/provida\/index.php?rest_route=%2Fwp%2Fv2%2Fcomments&post=7059"}],"version-history":[{"count":8,"href":"http:\/\/www.smprovida.com\/provida\/index.php?rest_route=\/wp\/v2\/pages\/7059\/revisions"}],"predecessor-version":[{"id":7073,"href":"http:\/\/www.smprovida.com\/provida\/index.php?rest_route=\/wp\/v2\/pages\/7059\/revisions\/7073"}],"up":[{"embeddable":true,"href":"http:\/\/www.smprovida.com\/provida\/index.php?rest_route=\/wp\/v2\/pages\/6698"}],"wp:attachment":[{"href":"http:\/\/www.smprovida.com\/provida\/index.php?rest_route=%2Fwp%2Fv2%2Fmedia&parent=7059"}],"curies":[{"name":"wp","href":"https:\/\/api.w.org\/{rel}","templated":true}]}}