{"id":7035,"date":"2020-08-22T12:42:28","date_gmt":"2020-08-22T17:42:28","guid":{"rendered":"http:\/\/localhost\/provida\/?page_id=7035"},"modified":"2021-01-11T09:17:02","modified_gmt":"2021-01-11T14:17:02","slug":"medicina-tradicional","status":"publish","type":"page","link":"http:\/\/www.smprovida.com\/provida\/?page_id=7035","title":{"rendered":"Medicina tradicional"},"content":{"rendered":"<p>[vc_row content_placement=\u00bbmiddle\u00bb css=\u00bb.vc_custom_1598113047071{margin-top: 2rem !important;margin-bottom: 100px !important;}\u00bb responsive_css=\u00bbmargin_top_large:11rem|margin_top_medium:3rem|margin_bottom_medium:280px\u00bb][vc_column enable_content_animation=\u00bbyes\u00bb ca_init_scale_x=\u00bb1&#8243; ca_init_scale_y=\u00bb1&#8243; ca_init_scale_z=\u00bb1&#8243; ca_init_opacity=\u00bb0&#8243; ca_an_scale_x=\u00bb1&#8243; ca_an_scale_y=\u00bb1&#8243; ca_an_scale_z=\u00bb1&#8243; ca_an_opacity=\u00bb1&#8243; offset=\u00bbvc_col-md-6&#8243; ca_init_translate_y=\u00bb31&#8243; ca_init_translate_x=\u00bb0&#8243; ca_duration=\u00bb1200&#8243; ca_delay=\u00bb150&#8243; ca_init_translate_z=\u00bb-108&#8243; ca_init_rotate_x=\u00bb-76&#8243;][vc_empty_space height=\u00bb45px\u00bb]<style>.ld_fancy_heading_6a04a3e540bc1 h1{color:rgb(9, 89, 165);}.ld_fancy_heading_6a04a3e540bc1 h1 {margin-top:0px !important; margin-bottom:0px !important;  } @media (min-width: 992px) { .ld_fancy_heading_6a04a3e540bc1 h1 {margin-right:25% !important;  }  } .ld_fancy_heading_6a04a3e540bc1 .lqd-highlight-inner{bottom:0px;}.ld_fancy_heading_6a04a3e540bc1 h1 {margin-top:0px !important; margin-bottom:0px !important;  } @media (min-width: 992px) { .ld_fancy_heading_6a04a3e540bc1 h1 {margin-right:25% !important;  }  } <\/style><div class=\"ld-fancy-heading ld_fancy_heading_6a04a3e540bc1\">\n\t<h1 class=\"lqd-highlight-underline lqd-highlight-grow-left\" data-split-text=\"true\" data-custom-animations=\"true\" data-ca-options='{\"triggerHandler\":\"inview\",\"animationTarget\":\".lqd-lines .split-inner\",\"duration\":700,\"startDelay\":\"360\",\"delay\":100,\"easing\":\"easeOutQuint\",\"direction\":\"forward\",\"initValues\":{\"scale\":1},\"animations\":{\"scale\":1}}' data-split-options='{\"type\":\"lines\"}'><span class=\"ld-fh-txt\"> Medicina<br \/>\nTradicional<\/span><\/h1><\/div>[vc_empty_space height=\u00bb50px\u00bb][\/vc_column][vc_column offset=\u00bbvc_col-md-offset-1 vc_col-md-5&#8243;]<div id=\"ld_images_group_container_6a04a3e540e75\" class=\"liquid-img-group-container ld_images_group_container_6a04a3e540e75\"  >\n\t<div class=\"liquid-img-group-inner\">\n\t\t<div id=\"ld_images_group_element_6a04a3e540f08\" class=\"liquid-img-group-single ld_images_group_element_6a04a3e540f08\" data-shadow-style=\"4\" data-inview=\"true\" data-animate-shadow=\"true\" data-reveal=\"true\" data-reveal-options='{\"direction\":\"lr\",\"bgcolor\":\"\",\"delay\":\"\"}'>\n\t\n\t\t\n\t<div class=\"liquid-img-group-img-container\">\n\t\t\n\t\t\n\t\t\t\t\n\t\t\t\t<div class=\"liquid-img-container-inner\" data-parallax=\"true\" data-parallax-from='{\"translateY\":78}' data-parallax-to='{\"translateY\":-78}' data-parallax-options='{\"overflowHidden\":false,\"easing\":\"linear\"}'>\n\t\t\t<figure ><img width=\"470\" height=\"600\" src=\"data:image\/svg+xml;charset=utf-8,&lt;svg xmlns%3D&#039;http%3A%2F%2Fwww.w3.org%2F2000%2Fsvg&#039; viewBox%3D&#039;0 0  &#039;%2F&gt;\" srcset=\"\" class=\" ld-lazyload\" alt=\"\" data-src=\"http:\/\/www.smprovida.com\/provida\/wp-content\/uploads\/medicina-tradicional-1.jpg\" data-srcset=\"http:\/\/www.smprovida.com\/provida\/wp-content\/uploads\/medicina-tradicional-1-300x298.jpg 300w, http:\/\/www.smprovida.com\/provida\/wp-content\/uploads\/medicina-tradicional-1-150x150.jpg 150w, http:\/\/www.smprovida.com\/provida\/wp-content\/uploads\/medicina-tradicional-1.jpg 522w\" data-aspect=\"\" \/><\/figure>\t\t\t\t\t<\/div><!-- \/.liquid-img-container-inner -->\n\t\t\n\t<\/div><!-- \/.liquid-img-group-content -->\n<\/div><!-- \/.liquid-img-group-single --><style>.ld_images_group_element_6a04a3e5421fa{position:absolute;}.ld_images_group_element_6a04a3e5421fa {bottom:-10% !important; left:30% !important;  } @media (min-width: 992px) { .ld_images_group_element_6a04a3e5421fa {bottom:-13% !important; left:-45% !important;  }  } <\/style><div id=\"ld_images_group_element_6a04a3e5421fa\" class=\"liquid-img-group-single ld_images_group_element_6a04a3e5421fa\" data-shadow-style=\"4\" data-inview=\"true\" data-animate-shadow=\"true\">\n\t\n\t\t\n\t<div class=\"liquid-img-group-img-container\">\n\t\t\n\t\t\n\t\t\t\t\n\t\t\t\t<div class=\"liquid-img-container-inner\" data-parallax=\"true\" data-parallax-from='{\"translateY\":107}' data-parallax-to='{\"translateY\":-134}' data-parallax-options='{\"overflowHidden\":false,\"easing\":\"linear\"}'>\n\t\t\t<figure ><img width=\"370\" height=\"450\" src=\"data:image\/svg+xml;charset=utf-8,&lt;svg xmlns%3D&#039;http%3A%2F%2Fwww.w3.org%2F2000%2Fsvg&#039; viewBox%3D&#039;0 0  &#039;%2F&gt;\" srcset=\"\" class=\" ld-lazyload\" alt=\"\" data-src=\"http:\/\/www.smprovida.com\/provida\/wp-content\/uploads\/medicina-tradicional-2.jpg\" data-srcset=\"http:\/\/www.smprovida.com\/provida\/wp-content\/uploads\/medicina-tradicional-2-245x300.jpg 245w, http:\/\/www.smprovida.com\/provida\/wp-content\/uploads\/medicina-tradicional-2.jpg 421w\" data-aspect=\"\" \/><\/figure>\t\t\t\t\t<\/div><!-- \/.liquid-img-container-inner -->\n\t\t\n\t<\/div><!-- \/.liquid-img-group-content -->\n<\/div><!-- \/.liquid-img-group-single --><\/p>\n\t\n\t<\/div><!-- \/.liquid-img-group-inner -->\n<\/div><!-- \/.liquid-img-group-container -->[\/vc_column][\/vc_row][vc_row el_id=\u00bbabout\u00bb][vc_column enable_content_animation=\u00bbyes\u00bb ca_init_scale_x=\u00bb1&#8243; ca_init_scale_y=\u00bb1&#8243; ca_init_scale_z=\u00bb1&#8243; ca_init_opacity=\u00bb0&#8243; ca_an_scale_x=\u00bb1&#8243; ca_an_scale_y=\u00bb1&#8243; ca_an_scale_z=\u00bb1&#8243; ca_an_opacity=\u00bb1&#8243; offset=\u00bbvc_col-md-5&#8243; ca_init_translate_y=\u00bb42&#8243;][vc_column_text]En el 2001 se cre\u00f3 el Centro de Medicina Tradicional PRO-VIDA (CMT PRO-VIDA) una iniciativa agentes pastorales que trabajan en el campo de la salud.[\/vc_column_text][vc_empty_space height=\u00bb48px\u00bb][\/vc_column][vc_column offset=\u00bbvc_col-md-offset-2 vc_col-md-5 vc_hidden-sm vc_hidden-xs\u00bb][vc_empty_space height=\u00bb48px\u00bb]<div id=\"ld_images_group_container_6a04a3e543562\" class=\"liquid-img-group-container ld_images_group_container_6a04a3e543562\"  >\n\t<div class=\"liquid-img-group-inner\">\n\t\t<style>@media (min-width: 992px) { .ld_images_group_element_6a04a3e54360a {top:-120px !important;  }  } @media (min-width: 992px) { .ld_images_group_element_6a04a3e54360a {margin-left:-30px !important;  }  } <\/style><div id=\"ld_images_group_element_6a04a3e54360a\" class=\"liquid-img-group-single ld_images_group_element_6a04a3e54360a\" data-reveal=\"true\" data-reveal-options='{\"direction\":\"tb\",\"bgcolor\":\"rgb(41, 45, 53)\",\"delay\":\"\"}'>\n\t\n\t\t\n\t<div class=\"liquid-img-group-img-container\">\n\t\t\n\t\t\n\t\t\t\t\n\t\t\t\t<div class=\"liquid-img-container-inner\" data-parallax=\"true\" data-parallax-from='{\"translateY\":-42}' data-parallax-to='{\"translateY\":33}' data-parallax-options='{\"overflowHidden\":false,\"easing\":\"linear\"}'>\n\t\t\t<figure ><img width=\"486\" height=\"621\" src=\"data:image\/svg+xml;charset=utf-8,&lt;svg xmlns%3D&#039;http%3A%2F%2Fwww.w3.org%2F2000%2Fsvg&#039; viewBox%3D&#039;0 0  &#039;%2F&gt;\" class=\"attachment-full size-full ld-lazyload\" alt=\"\" loading=\"lazy\" srcset=\"\" sizes=\"(max-width: 486px) 100vw, 486px\" data-src=\"http:\/\/www.smprovida.com\/provida\/wp-content\/uploads\/medicina-tradicional-3.jpg\" data-srcset=\"http:\/\/www.smprovida.com\/provida\/wp-content\/uploads\/medicina-tradicional-3.jpg 486w, http:\/\/www.smprovida.com\/provida\/wp-content\/uploads\/medicina-tradicional-3-235x300.jpg 235w\" data-aspect=\"\" \/><\/figure>\t\t\t\t\t<\/div><!-- \/.liquid-img-container-inner -->\n\t\t\n\t<\/div><!-- \/.liquid-img-group-content -->\n<\/div><!-- \/.liquid-img-group-single -->\n\t\n\t<\/div><!-- \/.liquid-img-group-inner -->\n<\/div><!-- \/.liquid-img-group-container --><div id=\"ld_images_group_container_6a04a3e544820\" class=\"liquid-img-group-container ld_images_group_container_6a04a3e544820\"  >\n\t<div class=\"liquid-img-group-inner\">\n\t\t<style>@media (min-width: 992px) { .ld_images_group_element_6a04a3e5448eb {left:-80% !important;  }  } @media (min-width: 992px) { .ld_images_group_element_6a04a3e5448eb {margin-top:-70% !important; margin-left:-68% !important;  }  } <\/style><div id=\"ld_images_group_element_6a04a3e5448eb\" class=\"liquid-img-group-single ld_images_group_element_6a04a3e5448eb\" data-reveal=\"true\" data-reveal-options='{\"direction\":\"rl\",\"bgcolor\":\"rgb(41, 45, 53)\",\"delay\":\"\"}'>\n\t\n\t\t\n\t<div class=\"liquid-img-group-img-container\">\n\t\t\n\t\t\n\t\t\t\t\n\t\t\t\t<div class=\"liquid-img-container-inner\" data-parallax=\"true\" data-parallax-from='{\"translateY\":46}' data-parallax-to='{\"translateY\":-81}' data-parallax-options='{\"overflowHidden\":false,\"easing\":\"linear\"}'>\n\t\t\t<figure ><img width=\"768\" height=\"486\" src=\"data:image\/svg+xml;charset=utf-8,&lt;svg xmlns%3D&#039;http%3A%2F%2Fwww.w3.org%2F2000%2Fsvg&#039; viewBox%3D&#039;0 0  &#039;%2F&gt;\" class=\"attachment-full size-full ld-lazyload\" alt=\"\" loading=\"lazy\" srcset=\"\" sizes=\"(max-width: 768px) 100vw, 768px\" data-src=\"http:\/\/www.smprovida.com\/provida\/wp-content\/uploads\/medicina-tradicional-4.jpg\" data-srcset=\"http:\/\/www.smprovida.com\/provida\/wp-content\/uploads\/medicina-tradicional-4.jpg 768w, http:\/\/www.smprovida.com\/provida\/wp-content\/uploads\/medicina-tradicional-4-300x190.jpg 300w\" data-aspect=\"\" \/><\/figure>\t\t\t\t\t<\/div><!-- \/.liquid-img-container-inner -->\n\t\t\n\t<\/div><!-- \/.liquid-img-group-content -->\n<\/div><!-- \/.liquid-img-group-single -->\n\t\n\t<\/div><!-- \/.liquid-img-group-inner -->\n<\/div><!-- \/.liquid-img-group-container -->[\/vc_column][\/vc_row][vc_row gap=\u00bb30&#8243; equal_height=\u00bbyes\u00bb responsive_css=\u00bbpadding_bottom_medium:220px\u00bb css=\u00bb.vc_custom_1598077284307{padding-bottom: 100px !important;}\u00bb el_class=\u00bbabout-row\u00bb][vc_column enable_content_animation=\u00bbyes\u00bb animation_preset=\u00bbFade In\u00bb offset=\u00bbvc_hidden-lg vc_hidden-md\u00bb ca_duration=\u00bb1800&#8243; ca_delay=\u00bb180&#8243;][vc_single_image image=\u00bb7044&#8243; img_size=\u00bbfull\u00bb alignment=\u00bbcenter\u00bb el_class=\u00bbabout-image about-image&#8211;secondary\u00bb][\/vc_column][\/vc_row][vc_row responsive_css=\u00bbpadding_bottom_medium:100px\u00bb css=\u00bb.vc_custom_1598119599297{padding-bottom: 70px !important;}\u00bb][vc_column enable_content_animation=\u00bbyes\u00bb ca_init_scale_x=\u00bb1&#8243; ca_init_scale_y=\u00bb1&#8243; ca_init_scale_z=\u00bb1&#8243; ca_init_opacity=\u00bb0&#8243; ca_an_scale_x=\u00bb1&#8243; ca_an_scale_y=\u00bb1&#8243; ca_an_scale_z=\u00bb1&#8243; ca_an_opacity=\u00bb1&#8243; align=\u00bbtext-center\u00bb el_class=\u00bbtitle_center_content\u00bb ca_duration=\u00bb1800&#8243; ca_delay=\u00bb180&#8243; ca_init_translate_y=\u00bb75&#8243; offset=\u00bbvc_col-md-10&#8243;][vc_column_text]<\/p>\n<h2 style=\"text-align: center;\"><span style=\"color: #0959a5;\">El CMT PRO-VIDA brinda capacitaci\u00f3n<\/span><br \/>\n<span style=\"color: #0959a5;\">de las siguientes terapias:<\/span><\/h2>\n<p>[\/vc_column_text][\/vc_column][\/vc_row][vc_row responsive_css=\u00bbmargin_bottom_medium:220px\u00bb css=\u00bb.vc_custom_1598119610369{margin-bottom: 100px !important;}\u00bb][vc_column][vc_row_inner el_class=\u00bbrow-service-icons\u00bb][vc_column_inner width=\u00bb1\/2&#8243; offset=\u00bbvc_col-xs-6&#8243;]<style>.ld_icon_box_6a04a3e545c35 h3{margin-bottom:px;}.ld_icon_box_6a04a3e545c35 .iconbox-icon-container{border-radius:px;}<\/style>\n<div class=\"iconbox iconbox-heading-xs iconbox-icon-image service-icons ld_icon_box_6a04a3e545c35\" id=\"ld_icon_box_6a04a3e545c35\"   >\n\t\n\t\t<div class=\"iconbox-icon-wrap\"><span class=\"iconbox-icon-container\"><\/span><\/div><!-- \/.iconbox-icon-wrap -->\t\n\t\t\n\t\t\n\t<h3>Acupuntura<\/h3>\t\t\t\n\t\t\n\t\n<\/div>\n[\/vc_column_inner][vc_column_inner width=\u00bb1\/2&#8243; offset=\u00bbvc_col-xs-6&#8243;]<style>.ld_icon_box_6a04a3e546fa5 h3{margin-bottom:px;}.ld_icon_box_6a04a3e546fa5 .iconbox-icon-container{border-radius:px;}<\/style>\n<div class=\"iconbox iconbox-heading-xs iconbox-icon-image service-icons ld_icon_box_6a04a3e546fa5\" id=\"ld_icon_box_6a04a3e546fa5\"   >\n\t\n\t\t<div class=\"iconbox-icon-wrap\"><span class=\"iconbox-icon-container\"><\/span><\/div><!-- \/.iconbox-icon-wrap -->\t\n\t\t\n\t\t\n\t<h3>Flores de Bach<\/h3>\t\t\t\n\t\t\n\t\n<\/div>\n[\/vc_column_inner][vc_column_inner width=\u00bb1\/2&#8243; offset=\u00bbvc_col-xs-6&#8243;]<style>.ld_icon_box_6a04a3e5481d2 h3{margin-bottom:px;}.ld_icon_box_6a04a3e5481d2 .iconbox-icon-container{border-radius:px;}<\/style>\n<div class=\"iconbox iconbox-heading-xs iconbox-icon-image service-icons ld_icon_box_6a04a3e5481d2\" id=\"ld_icon_box_6a04a3e5481d2\"   >\n\t\n\t\t<div class=\"iconbox-icon-wrap\"><span class=\"iconbox-icon-container\"><\/span><\/div><!-- \/.iconbox-icon-wrap -->\t\n\t\t\n\t\t\n\t<h3>Reflexoterapia<\/h3>\t\t\t\n\t\t\n\t\n<\/div>\n[\/vc_column_inner][vc_column_inner width=\u00bb1\/2&#8243; offset=\u00bbvc_col-xs-6&#8243;]<style>.ld_icon_box_6a04a3e54944c h3{margin-bottom:px;}.ld_icon_box_6a04a3e54944c .iconbox-icon-container{border-radius:px;}<\/style>\n<div class=\"iconbox iconbox-heading-xs iconbox-icon-image service-icons ld_icon_box_6a04a3e54944c\" id=\"ld_icon_box_6a04a3e54944c\"   >\n\t\n\t\t<div class=\"iconbox-icon-wrap\"><span class=\"iconbox-icon-container\"><\/span><\/div><!-- \/.iconbox-icon-wrap -->\t\n\t\t\n\t\t\n\t<h3>Reiki<\/h3>\t\t\t\n\t\t\n\t\n<\/div>\n[\/vc_column_inner][vc_column_inner width=\u00bb1\/2&#8243; offset=\u00bbvc_col-xs-6&#8243;]<style>.ld_icon_box_6a04a3e54aaca h3{margin-bottom:px;}.ld_icon_box_6a04a3e54aaca .iconbox-icon-container{border-radius:px;}<\/style>\n<div class=\"iconbox iconbox-heading-xs iconbox-icon-image service-icons ld_icon_box_6a04a3e54aaca\" id=\"ld_icon_box_6a04a3e54aaca\"   >\n\t\n\t\t<div class=\"iconbox-icon-wrap\"><span class=\"iconbox-icon-container\"><\/span><\/div><!-- \/.iconbox-icon-wrap -->\t\n\t\t\n\t\t\n\t<h3>Terapias Energ\u00e9ticas<\/h3>\t\t\t\n\t\t\n\t\n<\/div>\n[\/vc_column_inner][\/vc_row_inner][\/vc_column][\/vc_row][vc_row gap=\u00bb30&#8243; equal_height=\u00bbyes\u00bb responsive_css=\u00bbpadding_bottom_medium:220px\u00bb css=\u00bb.vc_custom_1598045699715{padding-bottom: 100px !important;}\u00bb el_class=\u00bbabout-row\u00bb][vc_column enable_content_animation=\u00bbyes\u00bb animation_preset=\u00bbFade In\u00bb offset=\u00bbvc_col-md-6&#8243; ca_duration=\u00bb1800&#8243; ca_delay=\u00bb180&#8243;][vc_single_image image=\u00bb7036&#8243; img_size=\u00bbfull\u00bb el_class=\u00bbabout-image\u00bb][\/vc_column][vc_column enable_content_animation=\u00bbyes\u00bb ca_init_scale_x=\u00bb1&#8243; ca_init_scale_y=\u00bb1&#8243; ca_init_scale_z=\u00bb1&#8243; ca_init_opacity=\u00bb0&#8243; ca_an_scale_x=\u00bb1&#8243; ca_an_scale_y=\u00bb1&#8243; ca_an_scale_z=\u00bb1&#8243; ca_an_opacity=\u00bb1&#8243; responsive_css=\u00bbpadding_left_large:4rem|padding_left_medium:3rem\u00bb css=\u00bb.vc_custom_1598049130689{padding-left: 0px !important;}\u00bb offset=\u00bbvc_col-md-6&#8243; el_class=\u00bbabout-image&#8211;text\u00bb ca_duration=\u00bb1800&#8243; ca_delay=\u00bb180&#8243; ca_init_translate_y=\u00bb75&#8243;]<style>@media (min-width: 992px) { .ld_fancy_heading_6a04a3e54bc89 h2 {padding-bottom:20px !important;  }  } @media (min-width: 992px) { .ld_fancy_heading_6a04a3e54bc89 h2 {margin-bottom:10px !important;  }  } .ld_fancy_heading_6a04a3e54bc89 .lqd-highlight-inner{height:0.275em;bottom:0px;}@media (min-width: 992px) { .ld_fancy_heading_6a04a3e54bc89 h2 {padding-bottom:20px !important;  }  } @media (min-width: 992px) { .ld_fancy_heading_6a04a3e54bc89 h2 {margin-bottom:10px !important;  }  } <\/style><div class=\"ld-fancy-heading ld_fancy_heading_6a04a3e54bc89\">\n\t<h2 class=\"lqd-highlight-underline lqd-highlight-grow-left\" data-fittext=\"true\" data-fittext-options='{\"compressor\":0.75,\"maxFontSize\":\"currentFontSize\",\"minFontSize\":\"38\"}'><span class=\"ld-fh-txt\"> Hemos capacitado a m\u00e1s de 1000 promotoras de salud<\/span><\/h2><\/div>[vc_column_text css=\u00bb.vc_custom_1598118023408{padding-right: 5% !important;padding-bottom: 30px !important;}\u00bb]De las zonas m\u00e1s pobres de Lima, Callao y otras regiones del pa\u00eds. Anualmente, el CMT PRO-VIDA desarrolla un curso especial de formaci\u00f3n b\u00e1sica en Medicina Tradicional, durante 10 meses, impartiendo conocimientos sobre las diferentes disciplinas y t\u00e9cnicas de la Medicina Tradicional. Tambi\u00e9n, ofrece una serie de cursos especializados en medicina alternativa y complementar\u00eda dirigido a promotoras, profesionales de salud y p\u00fablico en general.[\/vc_column_text][\/vc_column][\/vc_row][vc_row gap=\u00bb30&#8243; equal_height=\u00bbyes\u00bb responsive_css=\u00bbpadding_bottom_medium:220px\u00bb css=\u00bb.vc_custom_1598045690806{padding-bottom: 100px !important;}\u00bb][vc_column enable_content_animation=\u00bbyes\u00bb ca_init_scale_x=\u00bb1&#8243; ca_init_scale_y=\u00bb1&#8243; ca_init_scale_z=\u00bb1&#8243; ca_init_opacity=\u00bb0&#8243; ca_an_scale_x=\u00bb1&#8243; ca_an_scale_y=\u00bb1&#8243; ca_an_scale_z=\u00bb1&#8243; ca_an_opacity=\u00bb1&#8243; responsive_css=\u00bbpadding_right_large:4rem|padding_right_medium:3rem\u00bb css=\u00bb.vc_custom_1598049098844{padding-right: 0px !important;}\u00bb offset=\u00bbvc_col-md-6&#8243; el_class=\u00bbabout-image&#8211;text\u00bb ca_duration=\u00bb1800&#8243; ca_delay=\u00bb180&#8243; ca_init_translate_y=\u00bb75&#8243;]<style>@media (min-width: 992px) { .ld_fancy_heading_6a04a3e54bd26 h2 {padding-bottom:20px !important;  }  } @media (min-width: 992px) { .ld_fancy_heading_6a04a3e54bd26 h2 {margin-bottom:10px !important;  }  } .ld_fancy_heading_6a04a3e54bd26 .lqd-highlight-inner{height:0.275em;bottom:0px;}@media (min-width: 992px) { .ld_fancy_heading_6a04a3e54bd26 h2 {padding-bottom:20px !important;  }  } @media (min-width: 992px) { .ld_fancy_heading_6a04a3e54bd26 h2 {margin-bottom:10px !important;  }  } <\/style><div class=\"ld-fancy-heading ld_fancy_heading_6a04a3e54bd26\">\n\t<h2 class=\"lqd-highlight-underline lqd-highlight-grow-left\" data-fittext=\"true\" data-fittext-options='{\"compressor\":0.75,\"maxFontSize\":\"currentFontSize\",\"minFontSize\":\"38\"}'><span class=\"ld-fh-txt\"> Organizamos zonas de debate y reflexi\u00f3n<\/span><\/h2><\/div>[vc_column_text css=\u00bb.vc_custom_1598118067245{padding-right: 5% !important;padding-bottom: 30px !important;}\u00bb]A trav\u00e9s de diversos eventos, como son: 5 Encuentros Nacionales y 3 Congresos de Medicina Tradicional, entre los que destaca el \u00faltimo Congreso \u201cRecuperando nuestra Identidad Andina y Amaz\u00f3nica\u201d.<br \/>\nTambi\u00e9n, el CMT PRO-VIDA busca promover una vida saludable a trav\u00e9s de la venta de nutrientes, en la cual tiene la posibilidad de educar personalmente, sobre una nutrici\u00f3n adecuada. Asimismo, promueve una pr\u00e1ctica de vida sana, a trav\u00e9s de eventos como: meditaci\u00f3n, caminatas, ejercicios de respiraci\u00f3n y movimiento corporal.[\/vc_column_text][\/vc_column][vc_column enable_content_animation=\u00bbyes\u00bb animation_preset=\u00bbFade In\u00bb offset=\u00bbvc_col-md-6&#8243; ca_duration=\u00bb1800&#8243; ca_delay=\u00bb180&#8243;][vc_single_image image=\u00bb7037&#8243; img_size=\u00bbfull\u00bb el_class=\u00bbabout-image\u00bb][\/vc_column][\/vc_row]<\/p>\n","protected":false},"excerpt":{"rendered":"<p>[vc_row content_placement=\u00bbmiddle\u00bb css=\u00bb.vc_custom_1598113047071{margin-top: 2rem !important;margin-bottom: 100px !important;}\u00bb responsive_css=\u00bbmargin_top_large:11rem|margin_top_medium:3rem|margin_bottom_medium:280px\u00bb][vc_column enable_content_animation=\u00bbyes\u00bb ca_init_scale_x=\u00bb1&#8243; ca_init_scale_y=\u00bb1&#8243; ca_init_scale_z=\u00bb1&#8243; ca_init_opacity=\u00bb0&#8243; ca_an_scale_x=\u00bb1&#8243; ca_an_scale_y=\u00bb1&#8243;&#8230;<\/p>\n","protected":false},"author":1,"featured_media":0,"parent":6698,"menu_order":0,"comment_status":"closed","ping_status":"closed","template":"","meta":[],"_links":{"self":[{"href":"http:\/\/www.smprovida.com\/provida\/index.php?rest_route=\/wp\/v2\/pages\/7035"}],"collection":[{"href":"http:\/\/www.smprovida.com\/provida\/index.php?rest_route=\/wp\/v2\/pages"}],"about":[{"href":"http:\/\/www.smprovida.com\/provida\/index.php?rest_route=\/wp\/v2\/types\/page"}],"author":[{"embeddable":true,"href":"http:\/\/www.smprovida.com\/provida\/index.php?rest_route=\/wp\/v2\/users\/1"}],"replies":[{"embeddable":true,"href":"http:\/\/www.smprovida.com\/provida\/index.php?rest_route=%2Fwp%2Fv2%2Fcomments&post=7035"}],"version-history":[{"count":6,"href":"http:\/\/www.smprovida.com\/provida\/index.php?rest_route=\/wp\/v2\/pages\/7035\/revisions"}],"predecessor-version":[{"id":7205,"href":"http:\/\/www.smprovida.com\/provida\/index.php?rest_route=\/wp\/v2\/pages\/7035\/revisions\/7205"}],"up":[{"embeddable":true,"href":"http:\/\/www.smprovida.com\/provida\/index.php?rest_route=\/wp\/v2\/pages\/6698"}],"wp:attachment":[{"href":"http:\/\/www.smprovida.com\/provida\/index.php?rest_route=%2Fwp%2Fv2%2Fmedia&parent=7035"}],"curies":[{"name":"wp","href":"https:\/\/api.w.org\/{rel}","templated":true}]}}