{"id":6997,"date":"2020-08-22T11:40:50","date_gmt":"2020-08-22T16:40:50","guid":{"rendered":"http:\/\/localhost\/provida\/?page_id=6997"},"modified":"2020-08-22T12:24:14","modified_gmt":"2020-08-22T17:24:14","slug":"operador-logistico","status":"publish","type":"page","link":"http:\/\/www.smprovida.com\/provida\/?page_id=6997","title":{"rendered":"Operador Log\u00edstico"},"content":{"rendered":"<p>[vc_row content_placement=\u00bbmiddle\u00bb css=\u00bb.vc_custom_1598113047071{margin-top: 2rem !important;margin-bottom: 100px !important;}\u00bb responsive_css=\u00bbmargin_top_large:11rem|margin_top_medium:3rem|margin_bottom_medium:280px\u00bb][vc_column enable_content_animation=\u00bbyes\u00bb ca_init_scale_x=\u00bb1&#8243; ca_init_scale_y=\u00bb1&#8243; ca_init_scale_z=\u00bb1&#8243; ca_init_opacity=\u00bb0&#8243; ca_an_scale_x=\u00bb1&#8243; ca_an_scale_y=\u00bb1&#8243; ca_an_scale_z=\u00bb1&#8243; ca_an_opacity=\u00bb1&#8243; offset=\u00bbvc_col-md-6&#8243; ca_init_translate_y=\u00bb31&#8243; ca_init_translate_x=\u00bb0&#8243; ca_duration=\u00bb1200&#8243; ca_delay=\u00bb150&#8243; ca_init_translate_z=\u00bb-108&#8243; ca_init_rotate_x=\u00bb-76&#8243;][vc_empty_space height=\u00bb45px\u00bb]<style>.ld_fancy_heading_6a04a3f795d24 h1{color:rgb(9, 89, 165);}.ld_fancy_heading_6a04a3f795d24 h1 {margin-top:0px !important; margin-bottom:0px !important;  } @media (min-width: 992px) { .ld_fancy_heading_6a04a3f795d24 h1 {margin-right:25% !important;  }  } .ld_fancy_heading_6a04a3f795d24 .lqd-highlight-inner{bottom:0px;}.ld_fancy_heading_6a04a3f795d24 h1 {margin-top:0px !important; margin-bottom:0px !important;  } @media (min-width: 992px) { .ld_fancy_heading_6a04a3f795d24 h1 {margin-right:25% !important;  }  } <\/style><div class=\"ld-fancy-heading ld_fancy_heading_6a04a3f795d24\">\n\t<h1 class=\"lqd-highlight-underline lqd-highlight-grow-left\" data-split-text=\"true\" data-custom-animations=\"true\" data-ca-options='{\"triggerHandler\":\"inview\",\"animationTarget\":\".lqd-lines .split-inner\",\"duration\":700,\"startDelay\":\"360\",\"delay\":100,\"easing\":\"easeOutQuint\",\"direction\":\"forward\",\"initValues\":{\"scale\":1},\"animations\":{\"scale\":1}}' data-split-options='{\"type\":\"lines\"}'><span class=\"ld-fh-txt\"> Operador<br \/>\nLog\u00edstico<\/span><\/h1><\/div>[vc_empty_space height=\u00bb50px\u00bb][\/vc_column][vc_column offset=\u00bbvc_col-md-offset-1 vc_col-md-5&#8243;]<div id=\"ld_images_group_container_6a04a3f795fc3\" class=\"liquid-img-group-container ld_images_group_container_6a04a3f795fc3\"  >\n\t<div class=\"liquid-img-group-inner\">\n\t\t<div id=\"ld_images_group_element_6a04a3f79605d\" class=\"liquid-img-group-single ld_images_group_element_6a04a3f79605d\" data-shadow-style=\"4\" data-inview=\"true\" data-animate-shadow=\"true\" data-reveal=\"true\" data-reveal-options='{\"direction\":\"lr\",\"bgcolor\":\"\",\"delay\":\"\"}'>\n\t\n\t\t\n\t<div class=\"liquid-img-group-img-container\">\n\t\t\n\t\t\n\t\t\t\t\n\t\t\t\t<div class=\"liquid-img-container-inner\" data-parallax=\"true\" data-parallax-from='{\"translateY\":78}' data-parallax-to='{\"translateY\":-78}' data-parallax-options='{\"overflowHidden\":false,\"easing\":\"linear\"}'>\n\t\t\t<figure ><img width=\"470\" height=\"600\" src=\"data:image\/svg+xml;charset=utf-8,&lt;svg xmlns%3D&#039;http%3A%2F%2Fwww.w3.org%2F2000%2Fsvg&#039; viewBox%3D&#039;0 0  &#039;%2F&gt;\" srcset=\"\" class=\" ld-lazyload\" alt=\"\" data-src=\"http:\/\/www.smprovida.com\/provida\/wp-content\/uploads\/operador-1.jpg\" data-srcset=\"http:\/\/www.smprovida.com\/provida\/wp-content\/uploads\/operador-1-300x298.jpg 300w, http:\/\/www.smprovida.com\/provida\/wp-content\/uploads\/operador-1-150x150.jpg 150w, http:\/\/www.smprovida.com\/provida\/wp-content\/uploads\/operador-1.jpg 522w\" data-aspect=\"\" \/><\/figure>\t\t\t\t\t<\/div><!-- \/.liquid-img-container-inner -->\n\t\t\n\t<\/div><!-- \/.liquid-img-group-content -->\n<\/div><!-- \/.liquid-img-group-single --><style>.ld_images_group_element_6a04a3f797490{position:absolute;}.ld_images_group_element_6a04a3f797490 {bottom:-10% !important; left:30% !important;  } @media (min-width: 992px) { .ld_images_group_element_6a04a3f797490 {bottom:-13% !important; left:-45% !important;  }  } <\/style><div id=\"ld_images_group_element_6a04a3f797490\" class=\"liquid-img-group-single ld_images_group_element_6a04a3f797490\" data-shadow-style=\"4\" data-inview=\"true\" data-animate-shadow=\"true\">\n\t\n\t\t\n\t<div class=\"liquid-img-group-img-container\">\n\t\t\n\t\t\n\t\t\t\t\n\t\t\t\t<div class=\"liquid-img-container-inner\" data-parallax=\"true\" data-parallax-from='{\"translateY\":107}' data-parallax-to='{\"translateY\":-134}' data-parallax-options='{\"overflowHidden\":false,\"easing\":\"linear\"}'>\n\t\t\t<figure ><img width=\"370\" height=\"450\" src=\"data:image\/svg+xml;charset=utf-8,&lt;svg xmlns%3D&#039;http%3A%2F%2Fwww.w3.org%2F2000%2Fsvg&#039; viewBox%3D&#039;0 0  &#039;%2F&gt;\" srcset=\"\" class=\" ld-lazyload\" alt=\"\" data-src=\"http:\/\/www.smprovida.com\/provida\/wp-content\/uploads\/operador-2.jpg\" data-srcset=\"http:\/\/www.smprovida.com\/provida\/wp-content\/uploads\/operador-2-245x300.jpg 245w, http:\/\/www.smprovida.com\/provida\/wp-content\/uploads\/operador-2.jpg 421w\" data-aspect=\"\" \/><\/figure>\t\t\t\t\t<\/div><!-- \/.liquid-img-container-inner -->\n\t\t\n\t<\/div><!-- \/.liquid-img-group-content -->\n<\/div><!-- \/.liquid-img-group-single --><\/p>\n\t\n\t<\/div><!-- \/.liquid-img-group-inner -->\n<\/div><!-- \/.liquid-img-group-container -->[\/vc_column][\/vc_row][vc_row el_id=\u00bbabout\u00bb][vc_column enable_content_animation=\u00bbyes\u00bb ca_init_scale_x=\u00bb1&#8243; ca_init_scale_y=\u00bb1&#8243; ca_init_scale_z=\u00bb1&#8243; ca_init_opacity=\u00bb0&#8243; ca_an_scale_x=\u00bb1&#8243; ca_an_scale_y=\u00bb1&#8243; ca_an_scale_z=\u00bb1&#8243; ca_an_opacity=\u00bb1&#8243; offset=\u00bbvc_col-md-5&#8243; ca_init_translate_y=\u00bb42&#8243;][vc_column_text]Tenemos un convenio con CARE Per\u00fa para distribuir los medicamentos e insumos financiados por el Fondo Mundial para los proyectos que combaten al VIH\/SIDA y Tuberculosis.[\/vc_column_text][vc_empty_space height=\u00bb48px\u00bb][\/vc_column][vc_column offset=\u00bbvc_col-md-offset-2 vc_col-md-5 vc_hidden-sm vc_hidden-xs\u00bb][vc_empty_space height=\u00bb48px\u00bb]<div id=\"ld_images_group_container_6a04a3f79885f\" class=\"liquid-img-group-container ld_images_group_container_6a04a3f79885f\"  >\n\t<div class=\"liquid-img-group-inner\">\n\t\t<style>@media (min-width: 992px) { .ld_images_group_element_6a04a3f79892e {top:-120px !important;  }  } @media (min-width: 992px) { .ld_images_group_element_6a04a3f79892e {margin-left:-30px !important;  }  } <\/style><div id=\"ld_images_group_element_6a04a3f79892e\" class=\"liquid-img-group-single ld_images_group_element_6a04a3f79892e\" data-reveal=\"true\" data-reveal-options='{\"direction\":\"tb\",\"bgcolor\":\"rgb(41, 45, 53)\",\"delay\":\"\"}'>\n\t\n\t\t\n\t<div class=\"liquid-img-group-img-container\">\n\t\t\n\t\t\n\t\t\t\t\n\t\t\t\t<div class=\"liquid-img-container-inner\" data-parallax=\"true\" data-parallax-from='{\"translateY\":-42}' data-parallax-to='{\"translateY\":33}' data-parallax-options='{\"overflowHidden\":false,\"easing\":\"linear\"}'>\n\t\t\t<figure ><img width=\"486\" height=\"621\" src=\"data:image\/svg+xml;charset=utf-8,&lt;svg xmlns%3D&#039;http%3A%2F%2Fwww.w3.org%2F2000%2Fsvg&#039; viewBox%3D&#039;0 0  &#039;%2F&gt;\" class=\"attachment-full size-full ld-lazyload\" alt=\"\" loading=\"lazy\" srcset=\"\" sizes=\"(max-width: 486px) 100vw, 486px\" data-src=\"http:\/\/www.smprovida.com\/provida\/wp-content\/uploads\/operador-3.jpg\" data-srcset=\"http:\/\/www.smprovida.com\/provida\/wp-content\/uploads\/operador-3.jpg 486w, http:\/\/www.smprovida.com\/provida\/wp-content\/uploads\/operador-3-235x300.jpg 235w\" data-aspect=\"\" \/><\/figure>\t\t\t\t\t<\/div><!-- \/.liquid-img-container-inner -->\n\t\t\n\t<\/div><!-- \/.liquid-img-group-content -->\n<\/div><!-- \/.liquid-img-group-single -->\n\t\n\t<\/div><!-- \/.liquid-img-group-inner -->\n<\/div><!-- \/.liquid-img-group-container --><div id=\"ld_images_group_container_6a04a3f799bbb\" class=\"liquid-img-group-container ld_images_group_container_6a04a3f799bbb\"  >\n\t<div class=\"liquid-img-group-inner\">\n\t\t<style>@media (min-width: 992px) { .ld_images_group_element_6a04a3f799c63 {left:-80% !important;  }  } @media (min-width: 992px) { .ld_images_group_element_6a04a3f799c63 {margin-top:-70% !important; margin-left:-68% !important;  }  } <\/style><div id=\"ld_images_group_element_6a04a3f799c63\" class=\"liquid-img-group-single ld_images_group_element_6a04a3f799c63\" data-reveal=\"true\" data-reveal-options='{\"direction\":\"rl\",\"bgcolor\":\"rgb(41, 45, 53)\",\"delay\":\"\"}'>\n\t\n\t\t\n\t<div class=\"liquid-img-group-img-container\">\n\t\t\n\t\t\n\t\t\t\t\n\t\t\t\t<div class=\"liquid-img-container-inner\" data-parallax=\"true\" data-parallax-from='{\"translateY\":46}' data-parallax-to='{\"translateY\":-81}' data-parallax-options='{\"overflowHidden\":false,\"easing\":\"linear\"}'>\n\t\t\t<figure ><img width=\"768\" height=\"486\" src=\"data:image\/svg+xml;charset=utf-8,&lt;svg xmlns%3D&#039;http%3A%2F%2Fwww.w3.org%2F2000%2Fsvg&#039; viewBox%3D&#039;0 0  &#039;%2F&gt;\" class=\"attachment-full size-full ld-lazyload\" alt=\"\" loading=\"lazy\" srcset=\"\" sizes=\"(max-width: 768px) 100vw, 768px\" data-src=\"http:\/\/www.smprovida.com\/provida\/wp-content\/uploads\/operador-4.jpg\" data-srcset=\"http:\/\/www.smprovida.com\/provida\/wp-content\/uploads\/operador-4.jpg 768w, http:\/\/www.smprovida.com\/provida\/wp-content\/uploads\/operador-4-300x190.jpg 300w\" data-aspect=\"\" \/><\/figure>\t\t\t\t\t<\/div><!-- \/.liquid-img-container-inner -->\n\t\t\n\t<\/div><!-- \/.liquid-img-group-content -->\n<\/div><!-- \/.liquid-img-group-single -->\n\t\n\t<\/div><!-- \/.liquid-img-group-inner -->\n<\/div><!-- \/.liquid-img-group-container -->[\/vc_column][\/vc_row][vc_row gap=\u00bb30&#8243; equal_height=\u00bbyes\u00bb responsive_css=\u00bbpadding_bottom_medium:220px\u00bb css=\u00bb.vc_custom_1598077284307{padding-bottom: 100px !important;}\u00bb el_class=\u00bbabout-row\u00bb][vc_column enable_content_animation=\u00bbyes\u00bb animation_preset=\u00bbFade In\u00bb offset=\u00bbvc_hidden-lg vc_hidden-md\u00bb ca_duration=\u00bb1800&#8243; ca_delay=\u00bb180&#8243;][vc_single_image image=\u00bb7001&#8243; img_size=\u00bbfull\u00bb alignment=\u00bbcenter\u00bb el_class=\u00bbabout-image about-image&#8211;secondary\u00bb][\/vc_column][\/vc_row][vc_row gap=\u00bb30&#8243; equal_height=\u00bbyes\u00bb responsive_css=\u00bbpadding_bottom_medium:220px\u00bb css=\u00bb.vc_custom_1598045690806{padding-bottom: 100px !important;}\u00bb][vc_column enable_content_animation=\u00bbyes\u00bb ca_init_scale_x=\u00bb1&#8243; ca_init_scale_y=\u00bb1&#8243; ca_init_scale_z=\u00bb1&#8243; ca_init_opacity=\u00bb0&#8243; ca_an_scale_x=\u00bb1&#8243; ca_an_scale_y=\u00bb1&#8243; ca_an_scale_z=\u00bb1&#8243; ca_an_opacity=\u00bb1&#8243; responsive_css=\u00bbpadding_right_large:4rem|padding_right_medium:3rem\u00bb css=\u00bb.vc_custom_1598049098844{padding-right: 0px !important;}\u00bb offset=\u00bbvc_col-md-6&#8243; el_class=\u00bbabout-image&#8211;text\u00bb ca_duration=\u00bb1800&#8243; ca_delay=\u00bb180&#8243; ca_init_translate_y=\u00bb75&#8243;]<style>@media (min-width: 992px) { .ld_fancy_heading_6a04a3f79b097 h2 {padding-bottom:20px !important;  }  } @media (min-width: 992px) { .ld_fancy_heading_6a04a3f79b097 h2 {margin-bottom:10px !important;  }  } .ld_fancy_heading_6a04a3f79b097 .lqd-highlight-inner{height:0.275em;bottom:0px;}@media (min-width: 992px) { .ld_fancy_heading_6a04a3f79b097 h2 {padding-bottom:20px !important;  }  } @media (min-width: 992px) { .ld_fancy_heading_6a04a3f79b097 h2 {margin-bottom:10px !important;  }  } <\/style><div class=\"ld-fancy-heading ld_fancy_heading_6a04a3f79b097\">\n\t<h2 class=\"lqd-highlight-underline lqd-highlight-grow-left\" data-fittext=\"true\" data-fittext-options='{\"compressor\":0.75,\"maxFontSize\":\"currentFontSize\",\"minFontSize\":\"38\"}'><span class=\"ld-fh-txt\"> Esto permite atender al MINSA y a otras instituciones<\/span><\/h2><\/div>[vc_column_text css=\u00bb.vc_custom_1598114377612{padding-right: 5% !important;padding-bottom: 30px !important;}\u00bb]Como el Instituto Nacional Penitenciario (INPE), en la distribuci\u00f3n de medicamentos, insumos y materiales m\u00e9dicos relacionados a las estrategias sanitarias de prevenci\u00f3n y atenci\u00f3n del VIH\/SIDA y la TBC a nivel nacional.[\/vc_column_text][\/vc_column][vc_column enable_content_animation=\u00bbyes\u00bb animation_preset=\u00bbFade In\u00bb offset=\u00bbvc_col-md-6&#8243; ca_duration=\u00bb1800&#8243; ca_delay=\u00bb180&#8243;][vc_single_image image=\u00bb7003&#8243; img_size=\u00bbfull\u00bb el_class=\u00bbabout-image\u00bb][\/vc_column][\/vc_row][vc_row gap=\u00bb30&#8243; equal_height=\u00bbyes\u00bb responsive_css=\u00bbpadding_bottom_medium:220px\u00bb css=\u00bb.vc_custom_1598045699715{padding-bottom: 100px !important;}\u00bb el_class=\u00bbabout-row\u00bb][vc_column enable_content_animation=\u00bbyes\u00bb animation_preset=\u00bbFade In\u00bb offset=\u00bbvc_col-md-6&#8243; ca_duration=\u00bb1800&#8243; ca_delay=\u00bb180&#8243;][vc_single_image image=\u00bb7002&#8243; img_size=\u00bbfull\u00bb el_class=\u00bbabout-image\u00bb][\/vc_column][vc_column enable_content_animation=\u00bbyes\u00bb ca_init_scale_x=\u00bb1&#8243; ca_init_scale_y=\u00bb1&#8243; ca_init_scale_z=\u00bb1&#8243; ca_init_opacity=\u00bb0&#8243; ca_an_scale_x=\u00bb1&#8243; ca_an_scale_y=\u00bb1&#8243; ca_an_scale_z=\u00bb1&#8243; ca_an_opacity=\u00bb1&#8243; responsive_css=\u00bbpadding_left_large:4rem|padding_left_medium:3rem\u00bb css=\u00bb.vc_custom_1598049130689{padding-left: 0px !important;}\u00bb offset=\u00bbvc_col-md-6&#8243; el_class=\u00bbabout-image&#8211;text\u00bb ca_duration=\u00bb1800&#8243; ca_delay=\u00bb180&#8243; ca_init_translate_y=\u00bb75&#8243;]<style>@media (min-width: 992px) { .ld_fancy_heading_6a04a3f79b154 h2 {padding-bottom:20px !important;  }  } @media (min-width: 992px) { .ld_fancy_heading_6a04a3f79b154 h2 {margin-bottom:10px !important;  }  } .ld_fancy_heading_6a04a3f79b154 .lqd-highlight-inner{height:0.275em;bottom:0px;}@media (min-width: 992px) { .ld_fancy_heading_6a04a3f79b154 h2 {padding-bottom:20px !important;  }  } @media (min-width: 992px) { .ld_fancy_heading_6a04a3f79b154 h2 {margin-bottom:10px !important;  }  } <\/style><div class=\"ld-fancy-heading ld_fancy_heading_6a04a3f79b154\">\n\t<h2 class=\"lqd-highlight-underline lqd-highlight-grow-left\" data-fittext=\"true\" data-fittext-options='{\"compressor\":0.75,\"maxFontSize\":\"currentFontSize\",\"minFontSize\":\"38\"}'><span class=\"ld-fh-txt\"> Hemos logrado optimizar los procesos log\u00edsticos<\/span><\/h2><\/div>[vc_column_text css=\u00bb.vc_custom_1598114398948{padding-right: 5% !important;padding-bottom: 30px !important;}\u00bb]La oportuna entrega de estos productos a las DISAS, DIRESAS, redes, establecimientos de salud y establecimientos penitenciarios, es una caracter\u00edstica reconocida por sus usuarios. C\u00e1maras de seguridad.<br \/>\nPRO-VIDA ha logrado optimizar los procesos log\u00edsticos, por lo que tiene un tiempo de entrega de 2 d\u00edas a los requerimientos de las DISAS de Lima y Callao y de 3 d\u00edas para las DIRESAS de las diferentes regiones del pa\u00eds.[\/vc_column_text][\/vc_column][\/vc_row]<\/p>\n","protected":false},"excerpt":{"rendered":"<p>[vc_row content_placement=\u00bbmiddle\u00bb css=\u00bb.vc_custom_1598113047071{margin-top: 2rem !important;margin-bottom: 100px !important;}\u00bb responsive_css=\u00bbmargin_top_large:11rem|margin_top_medium:3rem|margin_bottom_medium:280px\u00bb][vc_column enable_content_animation=\u00bbyes\u00bb ca_init_scale_x=\u00bb1&#8243; ca_init_scale_y=\u00bb1&#8243; ca_init_scale_z=\u00bb1&#8243; ca_init_opacity=\u00bb0&#8243; ca_an_scale_x=\u00bb1&#8243; ca_an_scale_y=\u00bb1&#8243;&#8230;<\/p>\n","protected":false},"author":1,"featured_media":0,"parent":6698,"menu_order":0,"comment_status":"closed","ping_status":"closed","template":"","meta":[],"_links":{"self":[{"href":"http:\/\/www.smprovida.com\/provida\/index.php?rest_route=\/wp\/v2\/pages\/6997"}],"collection":[{"href":"http:\/\/www.smprovida.com\/provida\/index.php?rest_route=\/wp\/v2\/pages"}],"about":[{"href":"http:\/\/www.smprovida.com\/provida\/index.php?rest_route=\/wp\/v2\/types\/page"}],"author":[{"embeddable":true,"href":"http:\/\/www.smprovida.com\/provida\/index.php?rest_route=\/wp\/v2\/users\/1"}],"replies":[{"embeddable":true,"href":"http:\/\/www.smprovida.com\/provida\/index.php?rest_route=%2Fwp%2Fv2%2Fcomments&post=6997"}],"version-history":[{"count":4,"href":"http:\/\/www.smprovida.com\/provida\/index.php?rest_route=\/wp\/v2\/pages\/6997\/revisions"}],"predecessor-version":[{"id":7030,"href":"http:\/\/www.smprovida.com\/provida\/index.php?rest_route=\/wp\/v2\/pages\/6997\/revisions\/7030"}],"up":[{"embeddable":true,"href":"http:\/\/www.smprovida.com\/provida\/index.php?rest_route=\/wp\/v2\/pages\/6698"}],"wp:attachment":[{"href":"http:\/\/www.smprovida.com\/provida\/index.php?rest_route=%2Fwp%2Fv2%2Fmedia&parent=6997"}],"curies":[{"name":"wp","href":"https:\/\/api.w.org\/{rel}","templated":true}]}}