{"id":6969,"date":"2020-08-22T00:32:05","date_gmt":"2020-08-22T05:32:05","guid":{"rendered":"http:\/\/localhost\/provida\/?page_id=6969"},"modified":"2021-01-11T09:25:19","modified_gmt":"2021-01-11T14:25:19","slug":"proyectos","status":"publish","type":"page","link":"http:\/\/www.smprovida.com\/provida\/?page_id=6969","title":{"rendered":"Proyectos"},"content":{"rendered":"<p>[vc_row content_placement=\u00bbmiddle\u00bb css=\u00bb.vc_custom_1598113047071{margin-top: 2rem !important;margin-bottom: 100px !important;}\u00bb responsive_css=\u00bbmargin_top_large:11rem|margin_top_medium:3rem|margin_bottom_medium:280px\u00bb][vc_column enable_content_animation=\u00bbyes\u00bb ca_init_scale_x=\u00bb1&#8243; ca_init_scale_y=\u00bb1&#8243; ca_init_scale_z=\u00bb1&#8243; ca_init_opacity=\u00bb0&#8243; ca_an_scale_x=\u00bb1&#8243; ca_an_scale_y=\u00bb1&#8243; ca_an_scale_z=\u00bb1&#8243; ca_an_opacity=\u00bb1&#8243; offset=\u00bbvc_col-md-6&#8243; ca_init_translate_y=\u00bb31&#8243; ca_init_translate_x=\u00bb0&#8243; ca_duration=\u00bb1200&#8243; ca_delay=\u00bb150&#8243; ca_init_translate_z=\u00bb-108&#8243; ca_init_rotate_x=\u00bb-76&#8243;][vc_empty_space height=\u00bb45px\u00bb]<style>.ld_fancy_heading_6a0495dfcf97e h1{color:rgb(9, 89, 165);}.ld_fancy_heading_6a0495dfcf97e h1 {margin-top:0px !important; margin-bottom:0px !important;  } @media (min-width: 992px) { .ld_fancy_heading_6a0495dfcf97e h1 {margin-right:25% !important;  }  } .ld_fancy_heading_6a0495dfcf97e .lqd-highlight-inner{bottom:0px;}.ld_fancy_heading_6a0495dfcf97e h1 {margin-top:0px !important; margin-bottom:0px !important;  } @media (min-width: 992px) { .ld_fancy_heading_6a0495dfcf97e h1 {margin-right:25% !important;  }  } <\/style><div class=\"ld-fancy-heading ld_fancy_heading_6a0495dfcf97e\">\n\t<h1 class=\"lqd-highlight-underline lqd-highlight-grow-left\" data-split-text=\"true\" data-custom-animations=\"true\" data-ca-options='{\"triggerHandler\":\"inview\",\"animationTarget\":\".lqd-lines .split-inner\",\"duration\":700,\"startDelay\":\"360\",\"delay\":100,\"easing\":\"easeOutQuint\",\"direction\":\"forward\",\"initValues\":{\"scale\":1},\"animations\":{\"scale\":1}}' data-split-options='{\"type\":\"lines\"}'><span class=\"ld-fh-txt\"> Proyectos<\/span><\/h1><\/div>[vc_empty_space height=\u00bb50px\u00bb][\/vc_column][vc_column offset=\u00bbvc_col-md-offset-1 vc_col-md-5&#8243;]<div id=\"ld_images_group_container_6a0495dfcfc5d\" class=\"liquid-img-group-container ld_images_group_container_6a0495dfcfc5d\"  >\n\t<div class=\"liquid-img-group-inner\">\n\t\t<div id=\"ld_images_group_element_6a0495dfcfcfa\" class=\"liquid-img-group-single ld_images_group_element_6a0495dfcfcfa\" data-shadow-style=\"4\" data-inview=\"true\" data-animate-shadow=\"true\" data-reveal=\"true\" data-reveal-options='{\"direction\":\"lr\",\"bgcolor\":\"\",\"delay\":\"\"}'>\n\t\n\t\t\n\t<div class=\"liquid-img-group-img-container\">\n\t\t\n\t\t\n\t\t\t\t\n\t\t\t\t<div class=\"liquid-img-container-inner\" data-parallax=\"true\" data-parallax-from='{\"translateY\":78}' data-parallax-to='{\"translateY\":-78}' data-parallax-options='{\"overflowHidden\":false,\"easing\":\"linear\"}'>\n\t\t\t<figure ><img width=\"470\" height=\"600\" src=\"data:image\/svg+xml;charset=utf-8,&lt;svg xmlns%3D&#039;http%3A%2F%2Fwww.w3.org%2F2000%2Fsvg&#039; viewBox%3D&#039;0 0  &#039;%2F&gt;\" srcset=\"\" class=\" ld-lazyload\" alt=\"\" data-src=\"http:\/\/www.smprovida.com\/provida\/wp-content\/uploads\/proyectos-1.jpg\" data-srcset=\"http:\/\/www.smprovida.com\/provida\/wp-content\/uploads\/proyectos-1-300x298.jpg 300w, http:\/\/www.smprovida.com\/provida\/wp-content\/uploads\/proyectos-1-150x150.jpg 150w, http:\/\/www.smprovida.com\/provida\/wp-content\/uploads\/proyectos-1.jpg 522w\" data-aspect=\"\" \/><\/figure>\t\t\t\t\t<\/div><!-- \/.liquid-img-container-inner -->\n\t\t\n\t<\/div><!-- \/.liquid-img-group-content -->\n<\/div><!-- \/.liquid-img-group-single --><style>.ld_images_group_element_6a0495dfd1182{position:absolute;}.ld_images_group_element_6a0495dfd1182 {bottom:-10% !important; left:30% !important;  } @media (min-width: 992px) { .ld_images_group_element_6a0495dfd1182 {bottom:-13% !important; left:-45% !important;  }  } <\/style><div id=\"ld_images_group_element_6a0495dfd1182\" class=\"liquid-img-group-single ld_images_group_element_6a0495dfd1182\" data-shadow-style=\"4\" data-inview=\"true\" data-animate-shadow=\"true\">\n\t\n\t\t\n\t<div class=\"liquid-img-group-img-container\">\n\t\t\n\t\t\n\t\t\t\t\n\t\t\t\t<div class=\"liquid-img-container-inner\" data-parallax=\"true\" data-parallax-from='{\"translateY\":107}' data-parallax-to='{\"translateY\":-134}' data-parallax-options='{\"overflowHidden\":false,\"easing\":\"linear\"}'>\n\t\t\t<figure ><img width=\"370\" height=\"450\" src=\"data:image\/svg+xml;charset=utf-8,&lt;svg xmlns%3D&#039;http%3A%2F%2Fwww.w3.org%2F2000%2Fsvg&#039; viewBox%3D&#039;0 0  &#039;%2F&gt;\" srcset=\"\" class=\" ld-lazyload\" alt=\"\" data-src=\"http:\/\/www.smprovida.com\/provida\/wp-content\/uploads\/proyectos-2.jpg\" data-srcset=\"http:\/\/www.smprovida.com\/provida\/wp-content\/uploads\/proyectos-2-245x300.jpg 245w, http:\/\/www.smprovida.com\/provida\/wp-content\/uploads\/proyectos-2.jpg 421w\" data-aspect=\"\" \/><\/figure>\t\t\t\t\t<\/div><!-- \/.liquid-img-container-inner -->\n\t\t\n\t<\/div><!-- \/.liquid-img-group-content -->\n<\/div><!-- \/.liquid-img-group-single --><\/p>\n\t\n\t<\/div><!-- \/.liquid-img-group-inner -->\n<\/div><!-- \/.liquid-img-group-container -->[\/vc_column][\/vc_row][vc_row el_id=\u00bbabout\u00bb][vc_column enable_content_animation=\u00bbyes\u00bb ca_init_scale_x=\u00bb1&#8243; ca_init_scale_y=\u00bb1&#8243; ca_init_scale_z=\u00bb1&#8243; ca_init_opacity=\u00bb0&#8243; ca_an_scale_x=\u00bb1&#8243; ca_an_scale_y=\u00bb1&#8243; ca_an_scale_z=\u00bb1&#8243; ca_an_opacity=\u00bb1&#8243; offset=\u00bbvc_col-md-5&#8243; ca_init_translate_y=\u00bb42&#8243;][vc_column_text]PRO-VIDA prioriza el desarrollo de proyectos que promueven la salud integral y el acceso y uso adecuado del medicamento.[\/vc_column_text][vc_empty_space height=\u00bb48px\u00bb][\/vc_column][vc_column offset=\u00bbvc_col-md-offset-2 vc_col-md-5 vc_hidden-sm vc_hidden-xs\u00bb][vc_empty_space height=\u00bb48px\u00bb]<div id=\"ld_images_group_container_6a0495dfd2854\" class=\"liquid-img-group-container ld_images_group_container_6a0495dfd2854\"  >\n\t<div class=\"liquid-img-group-inner\">\n\t\t<style>@media (min-width: 992px) { .ld_images_group_element_6a0495dfd28e5 {top:-120px !important;  }  } @media (min-width: 992px) { .ld_images_group_element_6a0495dfd28e5 {margin-left:-30px !important;  }  } <\/style><div id=\"ld_images_group_element_6a0495dfd28e5\" class=\"liquid-img-group-single ld_images_group_element_6a0495dfd28e5\" data-reveal=\"true\" data-reveal-options='{\"direction\":\"tb\",\"bgcolor\":\"rgb(41, 45, 53)\",\"delay\":\"\"}'>\n\t\n\t\t\n\t<div class=\"liquid-img-group-img-container\">\n\t\t\n\t\t\n\t\t\t\t\n\t\t\t\t<div class=\"liquid-img-container-inner\" data-parallax=\"true\" data-parallax-from='{\"translateY\":-42}' data-parallax-to='{\"translateY\":33}' data-parallax-options='{\"overflowHidden\":false,\"easing\":\"linear\"}'>\n\t\t\t<figure ><img width=\"486\" height=\"621\" src=\"data:image\/svg+xml;charset=utf-8,&lt;svg xmlns%3D&#039;http%3A%2F%2Fwww.w3.org%2F2000%2Fsvg&#039; viewBox%3D&#039;0 0  &#039;%2F&gt;\" class=\"attachment-full size-full ld-lazyload\" alt=\"\" loading=\"lazy\" srcset=\"\" sizes=\"(max-width: 486px) 100vw, 486px\" data-src=\"http:\/\/www.smprovida.com\/provida\/wp-content\/uploads\/proyectos-3.jpg\" data-srcset=\"http:\/\/www.smprovida.com\/provida\/wp-content\/uploads\/proyectos-3.jpg 486w, http:\/\/www.smprovida.com\/provida\/wp-content\/uploads\/proyectos-3-235x300.jpg 235w\" data-aspect=\"\" \/><\/figure>\t\t\t\t\t<\/div><!-- \/.liquid-img-container-inner -->\n\t\t\n\t<\/div><!-- \/.liquid-img-group-content -->\n<\/div><!-- \/.liquid-img-group-single -->\n\t\n\t<\/div><!-- \/.liquid-img-group-inner -->\n<\/div><!-- \/.liquid-img-group-container --><div id=\"ld_images_group_container_6a0495dfd3b09\" class=\"liquid-img-group-container ld_images_group_container_6a0495dfd3b09\"  >\n\t<div class=\"liquid-img-group-inner\">\n\t\t<style>@media (min-width: 992px) { .ld_images_group_element_6a0495dfd3b8e {left:-80% !important;  }  } @media (min-width: 992px) { .ld_images_group_element_6a0495dfd3b8e {margin-top:-70% !important; margin-left:-68% !important;  }  } <\/style><div id=\"ld_images_group_element_6a0495dfd3b8e\" class=\"liquid-img-group-single ld_images_group_element_6a0495dfd3b8e\" data-reveal=\"true\" data-reveal-options='{\"direction\":\"rl\",\"bgcolor\":\"rgb(41, 45, 53)\",\"delay\":\"\"}'>\n\t\n\t\t\n\t<div class=\"liquid-img-group-img-container\">\n\t\t\n\t\t\n\t\t\t\t\n\t\t\t\t<div class=\"liquid-img-container-inner\" data-parallax=\"true\" data-parallax-from='{\"translateY\":46}' data-parallax-to='{\"translateY\":-81}' data-parallax-options='{\"overflowHidden\":false,\"easing\":\"linear\"}'>\n\t\t\t<figure ><img width=\"768\" height=\"486\" src=\"data:image\/svg+xml;charset=utf-8,&lt;svg xmlns%3D&#039;http%3A%2F%2Fwww.w3.org%2F2000%2Fsvg&#039; viewBox%3D&#039;0 0  &#039;%2F&gt;\" class=\"attachment-full size-full ld-lazyload\" alt=\"\" loading=\"lazy\" srcset=\"\" sizes=\"(max-width: 768px) 100vw, 768px\" data-src=\"http:\/\/www.smprovida.com\/provida\/wp-content\/uploads\/proyectos-4.jpg\" data-srcset=\"http:\/\/www.smprovida.com\/provida\/wp-content\/uploads\/proyectos-4.jpg 768w, http:\/\/www.smprovida.com\/provida\/wp-content\/uploads\/proyectos-4-300x190.jpg 300w\" data-aspect=\"\" \/><\/figure>\t\t\t\t\t<\/div><!-- \/.liquid-img-container-inner -->\n\t\t\n\t<\/div><!-- \/.liquid-img-group-content -->\n<\/div><!-- \/.liquid-img-group-single -->\n\t\n\t<\/div><!-- \/.liquid-img-group-inner -->\n<\/div><!-- \/.liquid-img-group-container -->[\/vc_column][\/vc_row][vc_row gap=\u00bb30&#8243; equal_height=\u00bbyes\u00bb responsive_css=\u00bbpadding_bottom_medium:220px\u00bb css=\u00bb.vc_custom_1598077284307{padding-bottom: 100px !important;}\u00bb el_class=\u00bbabout-row\u00bb][vc_column enable_content_animation=\u00bbyes\u00bb animation_preset=\u00bbFade In\u00bb offset=\u00bbvc_hidden-lg vc_hidden-md\u00bb ca_duration=\u00bb1800&#8243; ca_delay=\u00bb180&#8243;][vc_single_image image=\u00bb6982&#8243; img_size=\u00bbfull\u00bb alignment=\u00bbcenter\u00bb el_class=\u00bbabout-image about-image&#8211;secondary\u00bb][\/vc_column][\/vc_row][vc_row responsive_css=\u00bbpadding_bottom_medium:220px\u00bb css=\u00bb.vc_custom_1598112956543{padding-bottom: 100px !important;}\u00bb][vc_column enable_content_animation=\u00bbyes\u00bb ca_init_scale_x=\u00bb1&#8243; ca_init_scale_y=\u00bb1&#8243; ca_init_scale_z=\u00bb1&#8243; ca_init_opacity=\u00bb0&#8243; ca_an_scale_x=\u00bb1&#8243; ca_an_scale_y=\u00bb1&#8243; ca_an_scale_z=\u00bb1&#8243; ca_an_opacity=\u00bb1&#8243; align=\u00bbtext-center\u00bb el_class=\u00bbtitle_center_content\u00bb ca_duration=\u00bb1800&#8243; ca_delay=\u00bb180&#8243; ca_init_translate_y=\u00bb75&#8243; offset=\u00bbvc_col-md-8&#8243;][vc_column_text]<\/p>\n<p style=\"text-align: center;\">En los \u00faltimos a\u00f1os, se han implementado proyectos con los enfoques de Epidemiolog\u00eda Comunitaria y de participaci\u00f3n social en la prevenci\u00f3n y tratamiento de enfermedades de alto impacto social en los sectores m\u00e1s pobres y discriminados, como la tuberculosis, la leishmaniasis (uta), la lepra y el VIH\/SIDA.<\/p>\n<p>[\/vc_column_text][\/vc_column][\/vc_row][vc_row gap=\u00bb30&#8243; equal_height=\u00bbyes\u00bb responsive_css=\u00bbpadding_bottom_medium:220px\u00bb css=\u00bb.vc_custom_1598045690806{padding-bottom: 100px !important;}\u00bb][vc_column enable_content_animation=\u00bbyes\u00bb ca_init_scale_x=\u00bb1&#8243; ca_init_scale_y=\u00bb1&#8243; ca_init_scale_z=\u00bb1&#8243; ca_init_opacity=\u00bb0&#8243; ca_an_scale_x=\u00bb1&#8243; ca_an_scale_y=\u00bb1&#8243; ca_an_scale_z=\u00bb1&#8243; ca_an_opacity=\u00bb1&#8243; responsive_css=\u00bbpadding_right_large:4rem|padding_right_medium:3rem\u00bb css=\u00bb.vc_custom_1598049098844{padding-right: 0px !important;}\u00bb offset=\u00bbvc_col-md-6&#8243; el_class=\u00bbabout-image&#8211;text\u00bb ca_duration=\u00bb1800&#8243; ca_delay=\u00bb180&#8243; ca_init_translate_y=\u00bb75&#8243;]<style>@media (min-width: 992px) { .ld_fancy_heading_6a0495dfd5110 h2 {padding-bottom:20px !important;  }  } @media (min-width: 992px) { .ld_fancy_heading_6a0495dfd5110 h2 {margin-bottom:10px !important;  }  } .ld_fancy_heading_6a0495dfd5110 .lqd-highlight-inner{height:0.275em;bottom:0px;}@media (min-width: 992px) { .ld_fancy_heading_6a0495dfd5110 h2 {padding-bottom:20px !important;  }  } @media (min-width: 992px) { .ld_fancy_heading_6a0495dfd5110 h2 {margin-bottom:10px !important;  }  } <\/style><div class=\"ld-fancy-heading ld_fancy_heading_6a0495dfd5110\">\n\t<h2 class=\"lqd-highlight-underline lqd-highlight-grow-left\" data-fittext=\"true\" data-fittext-options='{\"compressor\":0.75,\"maxFontSize\":\"currentFontSize\",\"minFontSize\":\"38\"}'><span class=\"ld-fh-txt\"> PRO-VIDA ha participado en consorcio con otras instituciones y organizaciones<\/span><\/h2><\/div>[vc_column_text css=\u00bb.vc_custom_1598074823378{padding-right: 5% !important;padding-bottom: 30px !important;}\u00bb]Para desarrollar sinergias y complementar recursos, tecnolog\u00edas, experiencias y competencias, logrando una intervenci\u00f3n multisectorial y multidisciplinaria. En los proyectos ejecutados, se ha promovido la participaci\u00f3n de la comunidad en la soluci\u00f3n de sus problemas de salud, mediante el apoyo a organizaciones parroquiales y comunales, promotoras de salud, Comit\u00e9s de Desarrollo Comunal (CODECOS), Comit\u00e9s Multisectoriales de Lucha contra la Tuberculosis (COMUL-TB), asociaciones de afectados con tuberculosis, Comit\u00e9s de Vigilancia Comunitaria y otros actores sociales.[\/vc_column_text][\/vc_column][vc_column enable_content_animation=\u00bbyes\u00bb animation_preset=\u00bbFade In\u00bb offset=\u00bbvc_col-md-6&#8243; ca_duration=\u00bb1800&#8243; ca_delay=\u00bb180&#8243;][vc_single_image image=\u00bb6823&#8243; img_size=\u00bbfull\u00bb el_class=\u00bbabout-image\u00bb][\/vc_column][\/vc_row][vc_row gap=\u00bb30&#8243; equal_height=\u00bbyes\u00bb responsive_css=\u00bbpadding_bottom_medium:220px\u00bb css=\u00bb.vc_custom_1598045699715{padding-bottom: 100px !important;}\u00bb el_class=\u00bbabout-row\u00bb][vc_column enable_content_animation=\u00bbyes\u00bb animation_preset=\u00bbFade In\u00bb offset=\u00bbvc_col-md-6&#8243; ca_duration=\u00bb1800&#8243; ca_delay=\u00bb180&#8243;][vc_single_image image=\u00bb6972&#8243; img_size=\u00bbfull\u00bb el_class=\u00bbabout-image\u00bb][\/vc_column][vc_column enable_content_animation=\u00bbyes\u00bb ca_init_scale_x=\u00bb1&#8243; ca_init_scale_y=\u00bb1&#8243; ca_init_scale_z=\u00bb1&#8243; ca_init_opacity=\u00bb0&#8243; ca_an_scale_x=\u00bb1&#8243; ca_an_scale_y=\u00bb1&#8243; ca_an_scale_z=\u00bb1&#8243; ca_an_opacity=\u00bb1&#8243; responsive_css=\u00bbpadding_left_large:4rem|padding_left_medium:3rem\u00bb css=\u00bb.vc_custom_1598049130689{padding-left: 0px !important;}\u00bb offset=\u00bbvc_col-md-6&#8243; el_class=\u00bbabout-image&#8211;text\u00bb ca_duration=\u00bb1800&#8243; ca_delay=\u00bb180&#8243; ca_init_translate_y=\u00bb75&#8243;]<style>@media (min-width: 992px) { .ld_fancy_heading_6a0495dfd51c3 h2 {padding-bottom:20px !important;  }  } @media (min-width: 992px) { .ld_fancy_heading_6a0495dfd51c3 h2 {margin-bottom:10px !important;  }  } .ld_fancy_heading_6a0495dfd51c3 .lqd-highlight-inner{height:0.275em;bottom:0px;}@media (min-width: 992px) { .ld_fancy_heading_6a0495dfd51c3 h2 {padding-bottom:20px !important;  }  } @media (min-width: 992px) { .ld_fancy_heading_6a0495dfd51c3 h2 {margin-bottom:10px !important;  }  } <\/style><div class=\"ld-fancy-heading ld_fancy_heading_6a0495dfd51c3\">\n\t<h2 class=\"lqd-highlight-underline lqd-highlight-grow-left\" data-fittext=\"true\" data-fittext-options='{\"compressor\":0.75,\"maxFontSize\":\"currentFontSize\",\"minFontSize\":\"38\"}'><span class=\"ld-fh-txt\"> Capacitaci\u00f3n y dotaci\u00f3n de cr\u00e9dito para los afectados con tuberculosis<\/span><\/h2><\/div>[vc_column_text css=\u00bb.vc_custom_1610376020779{padding-right: 5% !important;padding-bottom: 30px !important;}\u00bb]Logramos que, a partir de una mejora en la autoestima, organizaci\u00f3n y desarrollo de capacidades empresariales, ellos constituyan peque\u00f1os negocios que logran una mejor calidad de vida y de sus familiares. Adem\u00e1s, se promueve la solidaridad entre los afectados, lo cual ha permitido que se alcance una gran eficiencia y eficacia, al ser un programa de cr\u00e9dito solidario con una baj\u00edsima morosidad (entre el 2 al 3 %). El aporte de las promotoras de salud como capacitadoras y monitoras del proceso es un eje fundamental de esta experiencia exitosa.[\/vc_column_text][\/vc_column][\/vc_row]<\/p>\n","protected":false},"excerpt":{"rendered":"<p>[vc_row content_placement=\u00bbmiddle\u00bb css=\u00bb.vc_custom_1598113047071{margin-top: 2rem !important;margin-bottom: 100px !important;}\u00bb responsive_css=\u00bbmargin_top_large:11rem|margin_top_medium:3rem|margin_bottom_medium:280px\u00bb][vc_column enable_content_animation=\u00bbyes\u00bb ca_init_scale_x=\u00bb1&#8243; ca_init_scale_y=\u00bb1&#8243; ca_init_scale_z=\u00bb1&#8243; ca_init_opacity=\u00bb0&#8243; ca_an_scale_x=\u00bb1&#8243; ca_an_scale_y=\u00bb1&#8243;&#8230;<\/p>\n","protected":false},"author":1,"featured_media":0,"parent":6698,"menu_order":0,"comment_status":"closed","ping_status":"closed","template":"","meta":[],"_links":{"self":[{"href":"http:\/\/www.smprovida.com\/provida\/index.php?rest_route=\/wp\/v2\/pages\/6969"}],"collection":[{"href":"http:\/\/www.smprovida.com\/provida\/index.php?rest_route=\/wp\/v2\/pages"}],"about":[{"href":"http:\/\/www.smprovida.com\/provida\/index.php?rest_route=\/wp\/v2\/types\/page"}],"author":[{"embeddable":true,"href":"http:\/\/www.smprovida.com\/provida\/index.php?rest_route=\/wp\/v2\/users\/1"}],"replies":[{"embeddable":true,"href":"http:\/\/www.smprovida.com\/provida\/index.php?rest_route=%2Fwp%2Fv2%2Fcomments&post=6969"}],"version-history":[{"count":6,"href":"http:\/\/www.smprovida.com\/provida\/index.php?rest_route=\/wp\/v2\/pages\/6969\/revisions"}],"predecessor-version":[{"id":7207,"href":"http:\/\/www.smprovida.com\/provida\/index.php?rest_route=\/wp\/v2\/pages\/6969\/revisions\/7207"}],"up":[{"embeddable":true,"href":"http:\/\/www.smprovida.com\/provida\/index.php?rest_route=\/wp\/v2\/pages\/6698"}],"wp:attachment":[{"href":"http:\/\/www.smprovida.com\/provida\/index.php?rest_route=%2Fwp%2Fv2%2Fmedia&parent=6969"}],"curies":[{"name":"wp","href":"https:\/\/api.w.org\/{rel}","templated":true}]}}