{"id":6698,"date":"2020-08-19T19:14:50","date_gmt":"2020-08-20T00:14:50","guid":{"rendered":"http:\/\/localhost\/provida\/?page_id=6698"},"modified":"2023-02-13T08:16:05","modified_gmt":"2023-02-13T13:16:05","slug":"lineas-de-accion","status":"publish","type":"page","link":"http:\/\/www.smprovida.com\/provida\/?page_id=6698","title":{"rendered":"L\u00edneas de Acci\u00f3n"},"content":{"rendered":"<p>[vc_row responsive_css=\u00bbmargin_top_large:11rem|margin_top_medium:3rem|padding_bottom_medium:60px\u00bb css=\u00bb.vc_custom_1598073389097{margin-top: 2rem !important;padding-bottom: 30px !important;}\u00bb][vc_column enable_content_animation=\u00bbyes\u00bb ca_init_scale_x=\u00bb1&#8243; ca_init_scale_y=\u00bb1&#8243; ca_init_scale_z=\u00bb1&#8243; ca_init_opacity=\u00bb0&#8243; ca_an_scale_x=\u00bb1&#8243; ca_an_scale_y=\u00bb1&#8243; ca_an_scale_z=\u00bb1&#8243; ca_an_opacity=\u00bb1&#8243; align=\u00bbtext-center\u00bb el_class=\u00bbtitle_center_content\u00bb ca_duration=\u00bb1800&#8243; ca_delay=\u00bb180&#8243; ca_init_translate_y=\u00bb75&#8243; offset=\u00bbvc_col-md-8&#8243;]<style>.ld_section_title_6a04a41b81f24 h2{color:rgb(9, 89, 165);}<\/style><header class=\"fancy-title text-center ld_section_title_6a04a41b81f24\">\n\t<h2>Nuestras acciones ayudan a m\u00e1s personas que lo necesitan<\/h2>\t\t<\/header>[\/vc_column][\/vc_row][vc_row enable_content_animation=\u00bbyes\u00bb ca_init_scale_x=\u00bb1&#8243; ca_init_scale_y=\u00bb1&#8243; ca_init_scale_z=\u00bb1&#8243; ca_init_opacity=\u00bb0&#8243; ca_an_scale_x=\u00bb1&#8243; ca_an_scale_y=\u00bb1&#8243; ca_an_scale_z=\u00bb1&#8243; ca_an_opacity=\u00bb1&#8243; ca_duration=\u00bb1800&#8243; ca_delay=\u00bb180&#8243; ca_init_translate_y=\u00bb75&#8243;][vc_column offset=\u00bbvc_col-md-4&#8243;]<style>.ld_content_box_6a04a41b82197.fancy-box-overlay .cb-overlay{background:-webkit-linear-gradient(0deg, rgb(9, 89, 165) 0%, rgba(16, 103, 185, 0.85) 42%, rgba(16, 103, 185, 0.22) 69%, rgba(16, 103, 185, 0) 100%);background:linear-gradient(0deg, rgb(9, 89, 165) 0%, rgba(16, 103, 185, 0.85) 42%, rgba(16, 103, 185, 0.22) 69%, rgba(16, 103, 185, 0) 100%);mix-blend-mode:normal;}.ld_content_box_6a04a41b82197{min-height:481px;}<\/style>\n<div id=\"ld_content_box_6a04a41b82197\" class=\"fancy-box border-radius-3 scheme-light fancy-box-overlay fancy-box-custom-height service_button ld_content_box_6a04a41b82197\">\n\t\n\t<div class=\"cb-img-container border-radius-3\">\n\t\t<figure class=\"fancy-box-image border-radius-3\" data-responsive-bg=\"true\" data-liquid-blur=\"true\" data-blur-options='{\"imgSrc\":\"backgroundImage\",\"radius\":25,\"blurHandlerOn\":\"static\"}'><img width=\"2121\" height=\"1414\" src=\"data:image\/svg+xml;charset=utf-8,&lt;svg xmlns%3D&#039;http%3A%2F%2Fwww.w3.org%2F2000%2Fsvg&#039; viewBox%3D&#039;0 0  &#039;%2F&gt;\" class=\"invisible ld-lazyload\" alt=\"Suministro\" loading=\"lazy\" srcset=\"\" sizes=\"(max-width: 2121px) 100vw, 2121px\" data-src=\"http:\/\/www.smprovida.com\/provida\/wp-content\/uploads\/suministros-2.jpg\" data-srcset=\"http:\/\/www.smprovida.com\/provida\/wp-content\/uploads\/suministros-2.jpg 2121w, http:\/\/www.smprovida.com\/provida\/wp-content\/uploads\/suministros-2-300x200.jpg 300w, http:\/\/www.smprovida.com\/provida\/wp-content\/uploads\/suministros-2-1024x683.jpg 1024w\" data-aspect=\"\" \/><\/figure>\t<\/div><!-- \/.cb-img-container -->\n\n\t<span class=\"cb-overlay\"><\/span><!-- \/.cb-overlay -->\n\n\t<div class=\"fancy-box-contents border-radius-3\">\n\t\t\n\t\t<div class=\"fancy-box-header\">\n\t\t\t\t\t\t<h3>Suministro<\/h3>\t\t\t<p><span style=\"color: #ffffff;\">Buscamos medicamentos de calidad terap\u00e9utica y econ\u00f3mica, por ello hacemos un cuidadoso proceso de selecci\u00f3n.<\/span><\/p>\n\t\t<\/div><!-- \/.fancy-box-header -->\n\t\t\n\t\t\t\t\t<div class=\"fancy-box-footer\">\n\t\t\t\t<style>.ld_button_6a04a41b8368c{color:rgb(255, 255, 255);font-size:14px !important;}.ld_button_6a04a41b8368c:hover{color:rgb(4, 238, 255);}<\/style><a href=\"http:\/\/www.smprovida.com\/provida\/?page_id=6984\" title=\"Suministro\" class=\"btn btn-naked text-uppercase ld_button_6a04a41b8368c\">\n\t<span>\n\t\t\n\t\t\t\t\t<span class=\"btn-txt\">quiero Saber m\u00e1s &gt;<\/span>\n\t\t\t\n\t\t\t\t<\/span>\n<\/a>\n\t\t\t<\/div><!-- \/.fancy-box-footer -->\n\t\t\n\t<\/div><!-- \/.fancy-box-contents -->\n\n\t<a href=\"http:\/\/www.smprovida.com\/provida\/?page_id=6984\" class=\"liquid-overlay-link\"><\/a>\t\n<\/div><!-- \/.fancy-box fancy-box-classes -->[\/vc_column][vc_column offset=\u00bbvc_col-md-4&#8243;]<style>.ld_content_box_6a04a41b8375c.fancy-box-overlay .cb-overlay{background:-webkit-linear-gradient(0deg, rgb(9, 89, 165) 0%, rgba(16, 103, 185, 0.85) 42%, rgba(16, 103, 185, 0.22) 69%, rgba(16, 103, 185, 0) 100%);background:linear-gradient(0deg, rgb(9, 89, 165) 0%, rgba(16, 103, 185, 0.85) 42%, rgba(16, 103, 185, 0.22) 69%, rgba(16, 103, 185, 0) 100%);mix-blend-mode:normal;}.ld_content_box_6a04a41b8375c{min-height:481px;}<\/style>\n<div id=\"ld_content_box_6a04a41b8375c\" class=\"fancy-box border-radius-3 scheme-light fancy-box-overlay fancy-box-custom-height service_button ld_content_box_6a04a41b8375c\">\n\t\n\t<div class=\"cb-img-container border-radius-3\">\n\t\t<figure class=\"fancy-box-image border-radius-3\" data-responsive-bg=\"true\" data-liquid-blur=\"true\" data-blur-options='{\"imgSrc\":\"backgroundImage\",\"radius\":25,\"blurHandlerOn\":\"static\"}'><img width=\"904\" height=\"578\" src=\"data:image\/svg+xml;charset=utf-8,&lt;svg xmlns%3D&#039;http%3A%2F%2Fwww.w3.org%2F2000%2Fsvg&#039; viewBox%3D&#039;0 0  &#039;%2F&gt;\" class=\"invisible ld-lazyload\" alt=\"Servicios de Salud\" loading=\"lazy\" srcset=\"\" sizes=\"(max-width: 904px) 100vw, 904px\" data-src=\"http:\/\/www.smprovida.com\/provida\/wp-content\/uploads\/salud.png\" data-srcset=\"http:\/\/www.smprovida.com\/provida\/wp-content\/uploads\/salud.png 904w, http:\/\/www.smprovida.com\/provida\/wp-content\/uploads\/salud-300x192.png 300w\" data-aspect=\"\" \/><\/figure>\t<\/div><!-- \/.cb-img-container -->\n\n\t<span class=\"cb-overlay\"><\/span><!-- \/.cb-overlay -->\n\n\t<div class=\"fancy-box-contents border-radius-3\">\n\t\t\n\t\t<div class=\"fancy-box-header\">\n\t\t\t\t\t\t<h3>Servicios de Salud<\/h3>\t\t\t<p><span style=\"color: #ffffff;\">Con el respaldo de un equipo de profesionales altamente capacitados, de reconocida trayectoria en sus respectivas \u00e1reas m\u00e9dicas.<\/span><\/p>\n\t\t<\/div><!-- \/.fancy-box-header -->\n\t\t\n\t\t\t\t\t<div class=\"fancy-box-footer\">\n\t\t\t\t<style>.ld_button_6a04a41b84c95{color:rgb(255, 255, 255);font-size:14px !important;}.ld_button_6a04a41b84c95:hover{color:rgb(4, 238, 255);}<\/style><a href=\"http:\/\/www.cemprovida.com\" title=\"Servicios de salud\" class=\"btn btn-naked text-uppercase ld_button_6a04a41b84c95\">\n\t<span>\n\t\t\n\t\t\t\t\t<span class=\"btn-txt\">quiero Saber m\u00e1s &gt;<\/span>\n\t\t\t\n\t\t\t\t<\/span>\n<\/a>\n\t\t\t<\/div><!-- \/.fancy-box-footer -->\n\t\t\n\t<\/div><!-- \/.fancy-box-contents -->\n\n\t<a href=\"https:\/\/www.cemprovida.com\" class=\"liquid-overlay-link\"><\/a>\t\n<\/div><!-- \/.fancy-box fancy-box-classes -->[\/vc_column][vc_column offset=\u00bbvc_col-md-4&#8243;]<style>.ld_content_box_6a04a41b84d92.fancy-box-overlay .cb-overlay{background:-webkit-linear-gradient(0deg, rgb(9, 89, 165) 0%, rgba(16, 103, 185, 0.85) 42%, rgba(16, 103, 185, 0.22) 69%, rgba(16, 103, 185, 0) 100%);background:linear-gradient(0deg, rgb(9, 89, 165) 0%, rgba(16, 103, 185, 0.85) 42%, rgba(16, 103, 185, 0.22) 69%, rgba(16, 103, 185, 0) 100%);mix-blend-mode:normal;}.ld_content_box_6a04a41b84d92{min-height:481px;}<\/style>\n<div id=\"ld_content_box_6a04a41b84d92\" class=\"fancy-box border-radius-3 scheme-light fancy-box-overlay fancy-box-custom-height service_button ld_content_box_6a04a41b84d92\">\n\t\n\t<div class=\"cb-img-container border-radius-3\">\n\t\t<figure class=\"fancy-box-image border-radius-3\" data-responsive-bg=\"true\" data-liquid-blur=\"true\" data-blur-options='{\"imgSrc\":\"backgroundImage\",\"radius\":25,\"blurHandlerOn\":\"static\"}'><img width=\"2084\" height=\"1442\" src=\"data:image\/svg+xml;charset=utf-8,&lt;svg xmlns%3D&#039;http%3A%2F%2Fwww.w3.org%2F2000%2Fsvg&#039; viewBox%3D&#039;0 0  &#039;%2F&gt;\" class=\"invisible ld-lazyload\" alt=\"Medicina Tradicional\" loading=\"lazy\" srcset=\"\" sizes=\"(max-width: 2084px) 100vw, 2084px\" data-src=\"http:\/\/www.smprovida.com\/provida\/wp-content\/uploads\/mt-2.jpg\" data-srcset=\"http:\/\/www.smprovida.com\/provida\/wp-content\/uploads\/mt-2.jpg 2084w, http:\/\/www.smprovida.com\/provida\/wp-content\/uploads\/mt-2-300x208.jpg 300w, http:\/\/www.smprovida.com\/provida\/wp-content\/uploads\/mt-2-1024x709.jpg 1024w\" data-aspect=\"\" \/><\/figure>\t<\/div><!-- \/.cb-img-container -->\n\n\t<span class=\"cb-overlay\"><\/span><!-- \/.cb-overlay -->\n\n\t<div class=\"fancy-box-contents border-radius-3\">\n\t\t\n\t\t<div class=\"fancy-box-header\">\n\t\t\t\t\t\t<h3>Medicina Tradicional<\/h3>\t\t\t<p><span style=\"color: #ffffff;\">Brindamos capacitaci\u00f3n e informaci\u00f3n para modificar h\u00e1bitos de vida que repercutan en su salud y en la comunidad.<\/span><\/p>\n\t\t<\/div><!-- \/.fancy-box-header -->\n\t\t\n\t\t\t\t\t<div class=\"fancy-box-footer\">\n\t\t\t\t<style>.ld_button_6a04a41b8607a{color:rgb(255, 255, 255);font-size:14px !important;}.ld_button_6a04a41b8607a:hover{color:rgb(4, 238, 255);}<\/style><a href=\"http:\/\/www.smprovida.com\/provida\/?page_id=7035\" title=\"Medicina tradicional\" class=\"btn btn-naked text-uppercase ld_button_6a04a41b8607a\">\n\t<span>\n\t\t\n\t\t\t\t\t<span class=\"btn-txt\">quiero Saber m\u00e1s &gt;<\/span>\n\t\t\t\n\t\t\t\t<\/span>\n<\/a>\n\t\t\t<\/div><!-- \/.fancy-box-footer -->\n\t\t\n\t<\/div><!-- \/.fancy-box-contents -->\n\n\t<a href=\"http:\/\/www.smprovida.com\/provida\/?page_id=7035\" class=\"liquid-overlay-link\"><\/a>\t\n<\/div><!-- \/.fancy-box fancy-box-classes -->[\/vc_column][\/vc_row][vc_row enable_content_animation=\u00bbyes\u00bb ca_init_scale_x=\u00bb1&#8243; ca_init_scale_y=\u00bb1&#8243; ca_init_scale_z=\u00bb1&#8243; ca_init_opacity=\u00bb0&#8243; ca_an_scale_x=\u00bb1&#8243; ca_an_scale_y=\u00bb1&#8243; ca_an_scale_z=\u00bb1&#8243; ca_an_opacity=\u00bb1&#8243; ca_duration=\u00bb1800&#8243; ca_delay=\u00bb180&#8243; ca_init_translate_y=\u00bb75&#8243;][vc_column offset=\u00bbvc_col-md-4&#8243;]<style>.ld_content_box_6a04a41b8616b.fancy-box-overlay .cb-overlay{background:-webkit-linear-gradient(0deg, rgb(9, 89, 165) 0%, rgba(16, 103, 185, 0.85) 42%, rgba(16, 103, 185, 0.22) 69%, rgba(16, 103, 185, 0) 100%);background:linear-gradient(0deg, rgb(9, 89, 165) 0%, rgba(16, 103, 185, 0.85) 42%, rgba(16, 103, 185, 0.22) 69%, rgba(16, 103, 185, 0) 100%);mix-blend-mode:normal;}.ld_content_box_6a04a41b8616b{min-height:481px;}<\/style>\n<div id=\"ld_content_box_6a04a41b8616b\" class=\"fancy-box border-radius-3 scheme-light fancy-box-overlay fancy-box-custom-height service_button ld_content_box_6a04a41b8616b\">\n\t\n\t<div class=\"cb-img-container border-radius-3\">\n\t\t<figure class=\"fancy-box-image border-radius-3\" data-responsive-bg=\"true\" data-liquid-blur=\"true\" data-blur-options='{\"imgSrc\":\"backgroundImage\",\"radius\":25,\"blurHandlerOn\":\"static\"}'><img width=\"3337\" height=\"2226\" src=\"data:image\/svg+xml;charset=utf-8,&lt;svg xmlns%3D&#039;http%3A%2F%2Fwww.w3.org%2F2000%2Fsvg&#039; viewBox%3D&#039;0 0  &#039;%2F&gt;\" class=\"invisible ld-lazyload\" alt=\"Proyectos\" loading=\"lazy\" srcset=\"\" sizes=\"(max-width: 3337px) 100vw, 3337px\" data-src=\"http:\/\/www.smprovida.com\/provida\/wp-content\/uploads\/Proyectos.png\" data-srcset=\"http:\/\/www.smprovida.com\/provida\/wp-content\/uploads\/Proyectos.png 3337w, http:\/\/www.smprovida.com\/provida\/wp-content\/uploads\/Proyectos-300x200.png 300w, http:\/\/www.smprovida.com\/provida\/wp-content\/uploads\/Proyectos-1024x683.png 1024w\" data-aspect=\"\" \/><\/figure>\t<\/div><!-- \/.cb-img-container -->\n\n\t<span class=\"cb-overlay\"><\/span><!-- \/.cb-overlay -->\n\n\t<div class=\"fancy-box-contents border-radius-3\">\n\t\t\n\t\t<div class=\"fancy-box-header\">\n\t\t\t\t\t\t<h3>Proyectos<\/h3>\t\t\t<p><span style=\"color: #ffffff;\">Priorizamos el desarrollo de proyectos que promueven la salud integral.<\/span><\/p>\n\t\t<\/div><!-- \/.fancy-box-header -->\n\t\t\n\t\t\t\t\t<div class=\"fancy-box-footer\">\n\t\t\t\t<style>.ld_button_6a04a41b8745b{color:rgb(255, 255, 255);font-size:14px !important;}.ld_button_6a04a41b8745b:hover{color:rgb(4, 238, 255);}<\/style><a href=\"http:\/\/www.smprovida.com\/provida\/?page_id=6969\" title=\"Proyectos\" class=\"btn btn-naked text-uppercase ld_button_6a04a41b8745b\">\n\t<span>\n\t\t\n\t\t\t\t\t<span class=\"btn-txt\">quiero Saber m\u00e1s &gt;<\/span>\n\t\t\t\n\t\t\t\t<\/span>\n<\/a>\n\t\t\t<\/div><!-- \/.fancy-box-footer -->\n\t\t\n\t<\/div><!-- \/.fancy-box-contents -->\n\n\t<a href=\"http:\/\/www.smprovida.com\/provida\/?page_id=6969\" class=\"liquid-overlay-link\"><\/a>\t\n<\/div><!-- \/.fancy-box fancy-box-classes -->[\/vc_column][vc_column offset=\u00bbvc_col-md-4&#8243;]<style>.ld_content_box_6a04a41b87548.fancy-box-overlay .cb-overlay{background:-webkit-linear-gradient(0deg, rgb(9, 89, 165) 0%, rgba(16, 103, 185, 0.85) 42%, rgba(16, 103, 185, 0.22) 69%, rgba(16, 103, 185, 0) 100%);background:linear-gradient(0deg, rgb(9, 89, 165) 0%, rgba(16, 103, 185, 0.85) 42%, rgba(16, 103, 185, 0.22) 69%, rgba(16, 103, 185, 0) 100%);mix-blend-mode:normal;}.ld_content_box_6a04a41b87548{min-height:481px;}<\/style>\n<div id=\"ld_content_box_6a04a41b87548\" class=\"fancy-box border-radius-3 scheme-light fancy-box-overlay fancy-box-custom-height service_button ld_content_box_6a04a41b87548\">\n\t\n\t<div class=\"cb-img-container border-radius-3\">\n\t\t<figure class=\"fancy-box-image border-radius-3\" data-responsive-bg=\"true\" data-liquid-blur=\"true\" data-blur-options='{\"imgSrc\":\"backgroundImage\",\"radius\":25,\"blurHandlerOn\":\"static\"}'><img width=\"1692\" height=\"1415\" src=\"data:image\/svg+xml;charset=utf-8,&lt;svg xmlns%3D&#039;http%3A%2F%2Fwww.w3.org%2F2000%2Fsvg&#039; viewBox%3D&#039;0 0  &#039;%2F&gt;\" class=\"invisible ld-lazyload\" alt=\"Consultor\u00edas\" loading=\"lazy\" srcset=\"\" sizes=\"(max-width: 1692px) 100vw, 1692px\" data-src=\"http:\/\/www.smprovida.com\/provida\/wp-content\/uploads\/consultoria.jpg\" data-srcset=\"http:\/\/www.smprovida.com\/provida\/wp-content\/uploads\/consultoria.jpg 1692w, http:\/\/www.smprovida.com\/provida\/wp-content\/uploads\/consultoria-300x251.jpg 300w, http:\/\/www.smprovida.com\/provida\/wp-content\/uploads\/consultoria-1024x856.jpg 1024w\" data-aspect=\"\" \/><\/figure>\t<\/div><!-- \/.cb-img-container -->\n\n\t<span class=\"cb-overlay\"><\/span><!-- \/.cb-overlay -->\n\n\t<div class=\"fancy-box-contents border-radius-3\">\n\t\t\n\t\t<div class=\"fancy-box-header\">\n\t\t\t\t\t\t<h3>Consultor\u00edas<\/h3>\t\t\t<p><span style=\"color: #ffffff;\">Contamos con un equipo conformado por profesionales dedicados a la capacitaci\u00f3n.<\/span><\/p>\n\t\t<\/div><!-- \/.fancy-box-header -->\n\t\t\n\t\t\t\t\t<div class=\"fancy-box-footer\">\n\t\t\t\t<style>.ld_button_6a04a41b887bf{color:rgb(255, 255, 255);font-size:14px !important;}.ld_button_6a04a41b887bf:hover{color:rgb(4, 238, 255);}<\/style><a href=\"http:\/\/www.smprovida.com\/provida\/?page_id=7025\" title=\"Consultor\u00edas\" class=\"btn btn-naked text-uppercase ld_button_6a04a41b887bf\">\n\t<span>\n\t\t\n\t\t\t\t\t<span class=\"btn-txt\">quiero Saber m\u00e1s &gt;<\/span>\n\t\t\t\n\t\t\t\t<\/span>\n<\/a>\n\t\t\t<\/div><!-- \/.fancy-box-footer -->\n\t\t\n\t<\/div><!-- \/.fancy-box-contents -->\n\n\t<a href=\"http:\/\/www.smprovida.com\/provida\/?page_id=7025\" class=\"liquid-overlay-link\"><\/a>\t\n<\/div><!-- \/.fancy-box fancy-box-classes -->[\/vc_column][vc_column offset=\u00bbvc_col-md-4&#8243;]<style>.ld_content_box_6a04a41b888ad.fancy-box-overlay .cb-overlay{background:-webkit-linear-gradient(0deg, rgb(9, 89, 165) 0%, rgba(16, 103, 185, 0.85) 42%, rgba(16, 103, 185, 0.22) 69%, rgba(16, 103, 185, 0) 100%);background:linear-gradient(0deg, rgb(9, 89, 165) 0%, rgba(16, 103, 185, 0.85) 42%, rgba(16, 103, 185, 0.22) 69%, rgba(16, 103, 185, 0) 100%);mix-blend-mode:normal;}.ld_content_box_6a04a41b888ad{min-height:481px;}<\/style>\n<div id=\"ld_content_box_6a04a41b888ad\" class=\"fancy-box border-radius-3 scheme-light fancy-box-overlay fancy-box-custom-height service_button ld_content_box_6a04a41b888ad\">\n\t\n\t<div class=\"cb-img-container border-radius-3\">\n\t\t<figure class=\"fancy-box-image border-radius-3\" data-responsive-bg=\"true\" data-liquid-blur=\"true\" data-blur-options='{\"imgSrc\":\"backgroundImage\",\"radius\":25,\"blurHandlerOn\":\"static\"}'><img width=\"1920\" height=\"1282\" src=\"data:image\/svg+xml;charset=utf-8,&lt;svg xmlns%3D&#039;http%3A%2F%2Fwww.w3.org%2F2000%2Fsvg&#039; viewBox%3D&#039;0 0  &#039;%2F&gt;\" class=\"invisible ld-lazyload\" alt=\"Educaci\u00f3n\" loading=\"lazy\" srcset=\"\" sizes=\"(max-width: 1920px) 100vw, 1920px\" data-src=\"http:\/\/www.smprovida.com\/provida\/wp-content\/uploads\/educacion.jpg\" data-srcset=\"http:\/\/www.smprovida.com\/provida\/wp-content\/uploads\/educacion.jpg 1920w, http:\/\/www.smprovida.com\/provida\/wp-content\/uploads\/educacion-300x200.jpg 300w, http:\/\/www.smprovida.com\/provida\/wp-content\/uploads\/educacion-1024x684.jpg 1024w\" data-aspect=\"\" \/><\/figure>\t<\/div><!-- \/.cb-img-container -->\n\n\t<span class=\"cb-overlay\"><\/span><!-- \/.cb-overlay -->\n\n\t<div class=\"fancy-box-contents border-radius-3\">\n\t\t\n\t\t<div class=\"fancy-box-header\">\n\t\t\t\t\t\t<h3>Educaci\u00f3n<\/h3>\t\t\t<p><span style=\"color: #ffffff;\">Promovemos la salud integral y la cultura del uso racional de los medicamentos (URM).<\/span><\/p>\n\t\t<\/div><!-- \/.fancy-box-header -->\n\t\t\n\t\t\t\t\t<div class=\"fancy-box-footer\">\n\t\t\t\t<style>.ld_button_6a04a41b89b58{color:rgb(255, 255, 255);font-size:14px !important;}.ld_button_6a04a41b89b58:hover{color:rgb(4, 238, 255);}<\/style><a href=\"http:\/\/www.smprovida.com\/provida\/?page_id=7059\" title=\"Educaci\u00f3n\" class=\"btn btn-naked text-uppercase ld_button_6a04a41b89b58\">\n\t<span>\n\t\t\n\t\t\t\t\t<span class=\"btn-txt\">quiero Saber m\u00e1s &gt;<\/span>\n\t\t\t\n\t\t\t\t<\/span>\n<\/a>\n\t\t\t<\/div><!-- \/.fancy-box-footer -->\n\t\t\n\t<\/div><!-- \/.fancy-box-contents -->\n\n\t<a href=\"http:\/\/www.smprovida.com\/provida\/?page_id=7059\" class=\"liquid-overlay-link\"><\/a>\t\n<\/div><!-- \/.fancy-box fancy-box-classes -->[\/vc_column][\/vc_row][vc_row enable_content_animation=\u00bbyes\u00bb ca_init_scale_x=\u00bb1&#8243; ca_init_scale_y=\u00bb1&#8243; ca_init_scale_z=\u00bb1&#8243; ca_init_opacity=\u00bb0&#8243; ca_an_scale_x=\u00bb1&#8243; ca_an_scale_y=\u00bb1&#8243; ca_an_scale_z=\u00bb1&#8243; ca_an_opacity=\u00bb1&#8243; ca_duration=\u00bb1800&#8243; ca_delay=\u00bb180&#8243; ca_init_translate_y=\u00bb75&#8243; responsive_css=\u00bbmargin_bottom_medium:220px\u00bb css=\u00bb.vc_custom_1598073569863{margin-bottom: 100px !important;}\u00bb][vc_column offset=\u00bbvc_col-md-2 vc_hidden-sm vc_hidden-xs\u00bb][\/vc_column][vc_column offset=\u00bbvc_col-md-4&#8243;]<style>.ld_content_box_6a04a41b89c51.fancy-box-overlay .cb-overlay{background:-webkit-linear-gradient(0deg, rgb(9, 89, 165) 0%, rgba(16, 103, 185, 0.85) 42%, rgba(16, 103, 185, 0.22) 69%, rgba(16, 103, 185, 0) 100%);background:linear-gradient(0deg, rgb(9, 89, 165) 0%, rgba(16, 103, 185, 0.85) 42%, rgba(16, 103, 185, 0.22) 69%, rgba(16, 103, 185, 0) 100%);mix-blend-mode:normal;}.ld_content_box_6a04a41b89c51{min-height:481px;}<\/style>\n<div id=\"ld_content_box_6a04a41b89c51\" class=\"fancy-box border-radius-3 scheme-light fancy-box-overlay fancy-box-custom-height service_button ld_content_box_6a04a41b89c51\">\n\t\n\t<div class=\"cb-img-container border-radius-3\">\n\t\t<figure class=\"fancy-box-image border-radius-3\" data-responsive-bg=\"true\" data-liquid-blur=\"true\" data-blur-options='{\"imgSrc\":\"backgroundImage\",\"radius\":25,\"blurHandlerOn\":\"static\"}'><img width=\"1280\" height=\"720\" src=\"data:image\/svg+xml;charset=utf-8,&lt;svg xmlns%3D&#039;http%3A%2F%2Fwww.w3.org%2F2000%2Fsvg&#039; viewBox%3D&#039;0 0  &#039;%2F&gt;\" class=\"invisible ld-lazyload\" alt=\"Importaciones\" loading=\"lazy\" srcset=\"\" sizes=\"(max-width: 1280px) 100vw, 1280px\" data-src=\"http:\/\/www.smprovida.com\/provida\/wp-content\/uploads\/importaciones.jpg\" data-srcset=\"http:\/\/www.smprovida.com\/provida\/wp-content\/uploads\/importaciones.jpg 1280w, http:\/\/www.smprovida.com\/provida\/wp-content\/uploads\/importaciones-300x169.jpg 300w, http:\/\/www.smprovida.com\/provida\/wp-content\/uploads\/importaciones-1024x576.jpg 1024w\" data-aspect=\"\" \/><\/figure>\t<\/div><!-- \/.cb-img-container -->\n\n\t<span class=\"cb-overlay\"><\/span><!-- \/.cb-overlay -->\n\n\t<div class=\"fancy-box-contents border-radius-3\">\n\t\t\n\t\t<div class=\"fancy-box-header\">\n\t\t\t\t\t\t<h3>Importaciones<\/h3>\t\t\t<p><span style=\"color: #ffffff;\">Obtenemos la provisi\u00f3n de laboratorios farmac\u00e9uticos de prestigio, lo que asegura una excelente calidad de atenci\u00f3n.<\/span><\/p>\n\t\t<\/div><!-- \/.fancy-box-header -->\n\t\t\n\t\t\t\t\t<div class=\"fancy-box-footer\">\n\t\t\t\t<style>.ld_button_6a04a41b8aed2{color:rgb(255, 255, 255);font-size:14px !important;}.ld_button_6a04a41b8aed2:hover{color:rgb(4, 238, 255);}<\/style><a href=\"http:\/\/www.smprovida.com\/provida\/?page_id=7007\" title=\"Importaciones\" class=\"btn btn-naked text-uppercase ld_button_6a04a41b8aed2\">\n\t<span>\n\t\t\n\t\t\t\t\t<span class=\"btn-txt\">quiero Saber m\u00e1s &gt;<\/span>\n\t\t\t\n\t\t\t\t<\/span>\n<\/a>\n\t\t\t<\/div><!-- \/.fancy-box-footer -->\n\t\t\n\t<\/div><!-- \/.fancy-box-contents -->\n\n\t<a href=\"http:\/\/www.smprovida.com\/provida\/?page_id=7007\" class=\"liquid-overlay-link\"><\/a>\t\n<\/div><!-- \/.fancy-box fancy-box-classes -->[\/vc_column][vc_column offset=\u00bbvc_col-md-4&#8243;]<style>.ld_content_box_6a04a41b8afea.fancy-box-overlay .cb-overlay{background:-webkit-linear-gradient(0deg, rgb(9, 89, 165) 0%, rgba(16, 103, 185, 0.85) 42%, rgba(16, 103, 185, 0.22) 69%, rgba(16, 103, 185, 0) 100%);background:linear-gradient(0deg, rgb(9, 89, 165) 0%, rgba(16, 103, 185, 0.85) 42%, rgba(16, 103, 185, 0.22) 69%, rgba(16, 103, 185, 0) 100%);mix-blend-mode:normal;}.ld_content_box_6a04a41b8afea{min-height:481px;}<\/style>\n<div id=\"ld_content_box_6a04a41b8afea\" class=\"fancy-box border-radius-3 scheme-light fancy-box-overlay fancy-box-custom-height service_button ld_content_box_6a04a41b8afea\">\n\t\n\t<div class=\"cb-img-container border-radius-3\">\n\t\t<figure class=\"fancy-box-image border-radius-3\" data-responsive-bg=\"true\" data-liquid-blur=\"true\" data-blur-options='{\"imgSrc\":\"backgroundImage\",\"radius\":25,\"blurHandlerOn\":\"static\"}'><img width=\"2560\" height=\"1708\" src=\"data:image\/svg+xml;charset=utf-8,&lt;svg xmlns%3D&#039;http%3A%2F%2Fwww.w3.org%2F2000%2Fsvg&#039; viewBox%3D&#039;0 0  &#039;%2F&gt;\" class=\"invisible ld-lazyload\" alt=\"Operador Log\u00edstico\" loading=\"lazy\" srcset=\"\" sizes=\"(max-width: 2560px) 100vw, 2560px\" data-src=\"http:\/\/www.smprovida.com\/provida\/wp-content\/uploads\/Logistica-scaled.jpg\" data-srcset=\"http:\/\/www.smprovida.com\/provida\/wp-content\/uploads\/Logistica-scaled.jpg 2560w, http:\/\/www.smprovida.com\/provida\/wp-content\/uploads\/Logistica-300x200.jpg 300w, http:\/\/www.smprovida.com\/provida\/wp-content\/uploads\/Logistica-1024x683.jpg 1024w\" data-aspect=\"\" \/><\/figure>\t<\/div><!-- \/.cb-img-container -->\n\n\t<span class=\"cb-overlay\"><\/span><!-- \/.cb-overlay -->\n\n\t<div class=\"fancy-box-contents border-radius-3\">\n\t\t\n\t\t<div class=\"fancy-box-header\">\n\t\t\t\t\t\t<h3>Operador Log\u00edstico<\/h3>\t\t\t<p><span style=\"color: #ffffff;\">Tenemos un convenio con varios distribuidores, los medicamentos e insumos financiados pueden llegar a todo el Per\u00fa.<\/span><\/p>\n\t\t<\/div><!-- \/.fancy-box-header -->\n\t\t\n\t\t\t\t\t<div class=\"fancy-box-footer\">\n\t\t\t\t<style>.ld_button_6a04a41b8c3cb{color:rgb(255, 255, 255);font-size:14px !important;}.ld_button_6a04a41b8c3cb:hover{color:rgb(4, 238, 255);}<\/style><a href=\"http:\/\/www.smprovida.com\/provida\/?page_id=6997\" title=\"Operador Log\u00edstico\" class=\"btn btn-naked text-uppercase ld_button_6a04a41b8c3cb\">\n\t<span>\n\t\t\n\t\t\t\t\t<span class=\"btn-txt\">quiero Saber m\u00e1s &gt;<\/span>\n\t\t\t\n\t\t\t\t<\/span>\n<\/a>\n\t\t\t<\/div><!-- \/.fancy-box-footer -->\n\t\t\n\t<\/div><!-- \/.fancy-box-contents -->\n\n\t<a href=\"http:\/\/www.smprovida.com\/provida\/?page_id=6997\" title=\"Operador Log\u00edstico\" class=\"liquid-overlay-link\"><\/a>\t\n<\/div><!-- \/.fancy-box fancy-box-classes -->[\/vc_column][vc_column offset=\u00bbvc_col-md-2 vc_hidden-sm vc_hidden-xs\u00bb][\/vc_column][\/vc_row]<\/p>\n","protected":false},"excerpt":{"rendered":"<p>[vc_row responsive_css=\u00bbmargin_top_large:11rem|margin_top_medium:3rem|padding_bottom_medium:60px\u00bb css=\u00bb.vc_custom_1598073389097{margin-top: 2rem !important;padding-bottom: 30px !important;}\u00bb][vc_column enable_content_animation=\u00bbyes\u00bb ca_init_scale_x=\u00bb1&#8243; ca_init_scale_y=\u00bb1&#8243; ca_init_scale_z=\u00bb1&#8243; ca_init_opacity=\u00bb0&#8243; ca_an_scale_x=\u00bb1&#8243; ca_an_scale_y=\u00bb1&#8243; ca_an_scale_z=\u00bb1&#8243;&#8230;<\/p>\n","protected":false},"author":1,"featured_media":0,"parent":0,"menu_order":0,"comment_status":"closed","ping_status":"closed","template":"","meta":[],"_links":{"self":[{"href":"http:\/\/www.smprovida.com\/provida\/index.php?rest_route=\/wp\/v2\/pages\/6698"}],"collection":[{"href":"http:\/\/www.smprovida.com\/provida\/index.php?rest_route=\/wp\/v2\/pages"}],"about":[{"href":"http:\/\/www.smprovida.com\/provida\/index.php?rest_route=\/wp\/v2\/types\/page"}],"author":[{"embeddable":true,"href":"http:\/\/www.smprovida.com\/provida\/index.php?rest_route=\/wp\/v2\/users\/1"}],"replies":[{"embeddable":true,"href":"http:\/\/www.smprovida.com\/provida\/index.php?rest_route=%2Fwp%2Fv2%2Fcomments&post=6698"}],"version-history":[{"count":8,"href":"http:\/\/www.smprovida.com\/provida\/index.php?rest_route=\/wp\/v2\/pages\/6698\/revisions"}],"predecessor-version":[{"id":7200,"href":"http:\/\/www.smprovida.com\/provida\/index.php?rest_route=\/wp\/v2\/pages\/6698\/revisions\/7200"}],"wp:attachment":[{"href":"http:\/\/www.smprovida.com\/provida\/index.php?rest_route=%2Fwp%2Fv2%2Fmedia&parent=6698"}],"curies":[{"name":"wp","href":"https:\/\/api.w.org\/{rel}","templated":true}]}}